{"id":1053,"date":"2017-10-31T06:26:43","date_gmt":"2017-10-31T05:26:43","guid":{"rendered":"https:\/\/wolski.pro\/kursy\/?page_id=1053"},"modified":"2020-01-09T09:01:19","modified_gmt":"2020-01-09T08:01:19","slug":"zamowienia-dla-firm","status":"publish","type":"page","link":"https:\/\/wolski.pro\/kursy\/zamowienia-dla-firm\/","title":{"rendered":"Zam\u00f3wienia dla firm"},"content":{"rendered":"<p>Niniejsza procedura dotyczy firm i nast\u0119puj\u0105cych sytuacji:<\/p>\n<ul>\n<li>chcesz kupi\u0107 kurs dla swoich pracownik\u00f3w\u00a0 &#8211; zam\u00f3wienie zbiorcze dla kilku os\u00f3b<\/li>\n<li>lub zap\u0142aci\u0107 tradycyjnym przelewem zamiast szybkim przelewem online (przelewy24.pl)<\/li>\n<\/ul>\n<p><strong>Przedp\u0142ata<\/strong><\/p>\n<ol>\n<li>Osoba lub osoby z Twojej firmy, kt\u00f3re b\u0119d\u0105 bra\u0142y udzia\u0142 w kursie zapisuj\u0105 si\u0119 na wybrany kurs lub kursy. Opcja p\u0142atno\u015bci: przelew bankowy. Dodatkowo wybierz: <em>Chc\u0119 faktur\u0119 VAT<\/em> i podaj dane firmy.<\/li>\n<li>System wy\u015ble potwierdzenie otrzymania zam\u00f3wienia kurs wraz z jego numerem.<\/li>\n<li>Na podany na stronie <span style=\"color: #ff9900;\"><a href=\"https:\/\/wolski.pro\/kursy\/kontakt\/\">kontakt<\/a>\u00a0<\/span>adres e-mail prosz\u0119 wys\u0142a\u0107 maila z numerem lub numerami zam\u00f3wie\u0144.<\/li>\n<li>Na podstawie maila wystawi\u0119 faktur\u0119 proforma wraz z numerem konta. Faktur\u0119 proforma wystawiam manualnie. Mo\u017ce potrwa\u0107 to do 2 dni roboczych.<\/li>\n<li>Gdy otrzymam informacj\u0119 o op\u0142aceniu faktury proforma:\n<ul>\n<li>Aktywuj\u0119\u00a0 dost\u0119p dla osoby lub os\u00f3b z Twojej firmy,<\/li>\n<li>Wystawiam faktur\u0119 VAT i przesy\u0142am j\u0105 na adres e-mail (p. 3).<\/li>\n<\/ul>\n<\/li>\n<\/ol>\n<p>W formule przelew zastrzegam sobie, \u017ce mog\u0119 anulowa\u0107 zam\u00f3wienia sk\u0142adane masowo albo w sytuacji, gdy realizacja p\u0142atno\u015bci nie zostanie dokonana przed rozpocz\u0119ciem kursu.<\/p>\n<p><strong>Faktura z odroczonym terminem p\u0142atno\u015bci<\/strong><\/p>\n<p>W przypadku, gdy procedury w Twojej firmie sprzyjaj\u0105 p\u0142atno\u015bci\u0105 za faktury z odroczonym terminem p\u0142atno\u015bci (np.: firma lub jednostka z sektora publicznego) prosz\u0119 o maila przed z\u0142o\u017ceniem zam\u00f3wienia.\u00a0 Procedura jest nast\u0119puj\u0105ca:<\/p>\n<ol>\n<li>Prosz\u0119 o maila na adres podany na stronie\u00a0<a href=\"https:\/\/wolski.pro\/kursy\/kontakt\/\"><span style=\"color: #ff9900;\">kontakt<\/span>.<\/a><\/li>\n<li>Zweryfikuj\u0119 Twoj\u0105 pro\u015bb\u0119.<\/li>\n<li>\u00a0Je\u015bli weryfikacja b\u0119dzie pozytywna otrzymasz maila z potwierdzeniem ustalonych warunk\u00f3w handlowych wraz z formularzem <em>zam\u00f3wienia us\u0142ugi<\/em>.<\/li>\n<li>Osoba lub osoby z Twojej firmy, kt\u00f3re b\u0119d\u0105 bra\u0142y udzia\u0142 w kursie zapisuj\u0105 si\u0119 na wybrany kurs lub kursy. \u00a0Opcja p\u0142atno\u015bci: przelew bankowy.\u00a0Dodatkowo wybierz: <em>Chc\u0119 faktur\u0119 VAT<\/em> i podaj dane firmy.<\/li>\n<li>System wy\u015ble potwierdzenie otrzymania zam\u00f3wienia kursu wraz z jego numerem.<\/li>\n<li>Wype\u0142nij prosz\u0119 formularz <em>zam\u00f3wienia us\u0142ugi<\/em>\u00a0wraz z numerami zam\u00f3wienia poszczeg\u00f3lnych kurs\u00f3w (p. 5).<\/li>\n<li>Skan dokumentu wy\u015blij na wspomniany adres e-mail.<\/li>\n<li>Gdy otrzymam skan <em>zam\u00f3wienia us\u0142ugi<\/em>:\n<ul>\n<li>Aktywuj\u0119\u00a0 dost\u0119p dla osoby lub os\u00f3b z Twojej firmy,<\/li>\n<li>Wystawiam faktur\u0119 VAT i przesy\u0142am j\u0105 na adres e-mail.<\/li>\n<\/ul>\n<\/li>\n<\/ol>\n<p>W razie pyta\u0144 prosz\u0119 o \u00a0<a href=\"https:\/\/wolski.pro\/kursy\/kontakt\/\">kontakt.<\/a><\/p>\n","protected":false},"excerpt":{"rendered":"<p>Niniejsza procedura dotyczy firm i nast\u0119puj\u0105cych sytuacji: chcesz kupi\u0107 kurs dla swoich pracownik\u00f3w\u00a0 &#8211; zam\u00f3wienie zbiorcze dla kilku os\u00f3b lub zap\u0142aci\u0107 tradycyjnym przelewem zamiast szybkim przelewem online (przelewy24.pl) Przedp\u0142ata Osoba lub osoby z Twojej firmy, kt\u00f3re b\u0119d\u0105 bra\u0142y udzia\u0142 w kursie zapisuj\u0105 si\u0119 na wybrany kurs lub kursy. Opcja p\u0142atno\u015bci: przelew bankowy. Dodatkowo wybierz: Chc\u0119 [&hellip;]<\/p>\n","protected":false},"author":1,"featured_media":0,"parent":0,"menu_order":0,"comment_status":"closed","ping_status":"closed","template":"","meta":{"_seopress_robots_primary_cat":"","_seopress_titles_title":"","_seopress_titles_desc":"","_seopress_robots_index":"","site-sidebar-layout":"default","site-content-layout":"default","ast-site-content-layout":"default","site-content-style":"default","site-sidebar-style":"default","ast-global-header-display":"","ast-banner-title-visibility":"","ast-main-header-display":"","ast-hfb-above-header-display":"","ast-hfb-below-header-display":"","ast-hfb-mobile-header-display":"","site-post-title":"","ast-breadcrumbs-content":"","ast-featured-img":"","footer-sml-layout":"","ast-disable-related-posts":"","theme-transparent-header-meta":"default","adv-header-id-meta":"","stick-header-meta":"","header-above-stick-meta":"","header-main-stick-meta":"","header-below-stick-meta":"","astra-migrate-meta-layouts":"default","ast-page-background-enabled":"default","ast-page-background-meta":{"desktop":{"background-color":"","background-image":"","background-repeat":"repeat","background-position":"center center","background-size":"auto","background-attachment":"scroll","background-type":"","background-media":"","overlay-type":"","overlay-color":"","overlay-opacity":"","overlay-gradient":""},"tablet":{"background-color":"","background-image":"","background-repeat":"repeat","background-position":"center center","background-size":"auto","background-attachment":"scroll","background-type":"","background-media":"","overlay-type":"","overlay-color":"","overlay-opacity":"","overlay-gradient":""},"mobile":{"background-color":"","background-image":"","background-repeat":"repeat","background-position":"center center","background-size":"auto","background-attachment":"scroll","background-type":"","background-media":"","overlay-type":"","overlay-color":"","overlay-opacity":"","overlay-gradient":""}},"ast-content-background-meta":{"desktop":{"background-color":"var(--ast-global-color-5)","background-image":"","background-repeat":"repeat","background-position":"center center","background-size":"auto","background-attachment":"scroll","background-type":"","background-media":"","overlay-type":"","overlay-color":"","overlay-opacity":"","overlay-gradient":""},"tablet":{"background-color":"var(--ast-global-color-5)","background-image":"","background-repeat":"repeat","background-position":"center center","background-size":"auto","background-attachment":"scroll","background-type":"","background-media":"","overlay-type":"","overlay-color":"","overlay-opacity":"","overlay-gradient":""},"mobile":{"background-color":"var(--ast-global-color-5)","background-image":"","background-repeat":"repeat","background-position":"center center","background-size":"auto","background-attachment":"scroll","background-type":"","background-media":"","overlay-type":"","overlay-color":"","overlay-opacity":"","overlay-gradient":""}},"footnotes":""},"class_list":["post-1053","page","type-page","status-publish","hentry"],"_links":{"self":[{"href":"https:\/\/wolski.pro\/kursy\/wp-json\/wp\/v2\/pages\/1053","targetHints":{"allow":["GET"]}}],"collection":[{"href":"https:\/\/wolski.pro\/kursy\/wp-json\/wp\/v2\/pages"}],"about":[{"href":"https:\/\/wolski.pro\/kursy\/wp-json\/wp\/v2\/types\/page"}],"author":[{"embeddable":true,"href":"https:\/\/wolski.pro\/kursy\/wp-json\/wp\/v2\/users\/1"}],"replies":[{"embeddable":true,"href":"https:\/\/wolski.pro\/kursy\/wp-json\/wp\/v2\/comments?post=1053"}],"version-history":[{"count":0,"href":"https:\/\/wolski.pro\/kursy\/wp-json\/wp\/v2\/pages\/1053\/revisions"}],"wp:attachment":[{"href":"https:\/\/wolski.pro\/kursy\/wp-json\/wp\/v2\/media?parent=1053"}],"curies":[{"name":"wp","href":"https:\/\/api.w.org\/{rel}","templated":true}]}}