{"id":4,"date":"2017-02-16T23:48:12","date_gmt":"2017-02-16T22:48:12","guid":{"rendered":"https:\/\/wolski.pro\/kursy\/?page_id=4"},"modified":"2022-08-24T16:37:24","modified_gmt":"2022-08-24T14:37:24","slug":"kontakt","status":"publish","type":"page","link":"https:\/\/wolski.pro\/kursy\/kontakt\/","title":{"rendered":"Kontakt"},"content":{"rendered":"<p>Dzi\u0119kuj\u0119 za odwiedzenie mojej strony. Je\u015bli chcesz skontaktowa\u0107 si\u0119 ze mn\u0105 prosz\u0119 skorzystaj z poni\u017cszego maila.\u00a0Odpowiem tak szybko,\u00a0 jak b\u0119dzie to tylko mo\u017cliwe.<br \/>\nM\u00f3j adres e-mail:<\/p>\n<p><img decoding=\"async\" class=\"aligncenter wp-image-10558 size-medium\" src=\"https:\/\/wolski.pro\/kursy\/wp-content\/uploads\/2020\/03\/kontakt_michalwolskipro-300x41.png\" alt=\"\" width=\"300\" height=\"41\" srcset=\"https:\/\/wolski.pro\/kursy\/wp-content\/uploads\/2020\/03\/kontakt_michalwolskipro-300x41.png 300w, https:\/\/wolski.pro\/kursy\/wp-content\/uploads\/2020\/03\/kontakt_michalwolskipro-600x82.png 600w, https:\/\/wolski.pro\/kursy\/wp-content\/uploads\/2020\/03\/kontakt_michalwolskipro.png 654w\" sizes=\"(max-width: 300px) 100vw, 300px\" \/><\/p>\n<p>Je\u015bli chcesz zam\u00f3wi\u0107 kurs dla firmy (p\u0142atno\u015b\u0107 przelewem tradycyjnym) prosz\u0119 o maila. Zam\u00f3wienie zostanie zrealizowane zgodnie z procedur\u0105 <a href=\"https:\/\/wolski.pro\/kursy\/zamowienia-dla-firm\/\">zam\u00f3wienia dla firm<\/a>.<\/p>\n<p style=\"text-align: center;\">\n","protected":false},"excerpt":{"rendered":"<p>Dzi\u0119kuj\u0119 za odwiedzenie mojej strony. Je\u015bli chcesz skontaktowa\u0107 si\u0119 ze mn\u0105 prosz\u0119 skorzystaj z poni\u017cszego maila.\u00a0Odpowiem tak szybko,\u00a0 jak b\u0119dzie to tylko mo\u017cliwe. M\u00f3j adres e-mail: Je\u015bli chcesz zam\u00f3wi\u0107 kurs dla firmy (p\u0142atno\u015b\u0107 przelewem tradycyjnym) prosz\u0119 o maila. Zam\u00f3wienie zostanie zrealizowane zgodnie z procedur\u0105 zam\u00f3wienia dla firm.<\/p>\n","protected":false},"author":1,"featured_media":0,"parent":0,"menu_order":0,"comment_status":"closed","ping_status":"closed","template":"","meta":{"_seopress_robots_primary_cat":"","_seopress_titles_title":"","_seopress_titles_desc":"","_seopress_robots_index":"","site-sidebar-layout":"default","site-content-layout":"default","ast-site-content-layout":"default","site-content-style":"default","site-sidebar-style":"default","ast-global-header-display":"","ast-banner-title-visibility":"","ast-main-header-display":"","ast-hfb-above-header-display":"","ast-hfb-below-header-display":"","ast-hfb-mobile-header-display":"","site-post-title":"","ast-breadcrumbs-content":"","ast-featured-img":"","footer-sml-layout":"","ast-disable-related-posts":"","theme-transparent-header-meta":"default","adv-header-id-meta":"","stick-header-meta":"","header-above-stick-meta":"","header-main-stick-meta":"","header-below-stick-meta":"","astra-migrate-meta-layouts":"default","ast-page-background-enabled":"default","ast-page-background-meta":{"desktop":{"background-color":"","background-image":"","background-repeat":"repeat","background-position":"center center","background-size":"auto","background-attachment":"scroll","background-type":"","background-media":"","overlay-type":"","overlay-color":"","overlay-opacity":"","overlay-gradient":""},"tablet":{"background-color":"","background-image":"","background-repeat":"repeat","background-position":"center center","background-size":"auto","background-attachment":"scroll","background-type":"","background-media":"","overlay-type":"","overlay-color":"","overlay-opacity":"","overlay-gradient":""},"mobile":{"background-color":"","background-image":"","background-repeat":"repeat","background-position":"center center","background-size":"auto","background-attachment":"scroll","background-type":"","background-media":"","overlay-type":"","overlay-color":"","overlay-opacity":"","overlay-gradient":""}},"ast-content-background-meta":{"desktop":{"background-color":"var(--ast-global-color-5)","background-image":"","background-repeat":"repeat","background-position":"center center","background-size":"auto","background-attachment":"scroll","background-type":"","background-media":"","overlay-type":"","overlay-color":"","overlay-opacity":"","overlay-gradient":""},"tablet":{"background-color":"var(--ast-global-color-5)","background-image":"","background-repeat":"repeat","background-position":"center center","background-size":"auto","background-attachment":"scroll","background-type":"","background-media":"","overlay-type":"","overlay-color":"","overlay-opacity":"","overlay-gradient":""},"mobile":{"background-color":"var(--ast-global-color-5)","background-image":"","background-repeat":"repeat","background-position":"center center","background-size":"auto","background-attachment":"scroll","background-type":"","background-media":"","overlay-type":"","overlay-color":"","overlay-opacity":"","overlay-gradient":""}},"footnotes":""},"class_list":["post-4","page","type-page","status-publish","hentry"],"_links":{"self":[{"href":"https:\/\/wolski.pro\/kursy\/wp-json\/wp\/v2\/pages\/4","targetHints":{"allow":["GET"]}}],"collection":[{"href":"https:\/\/wolski.pro\/kursy\/wp-json\/wp\/v2\/pages"}],"about":[{"href":"https:\/\/wolski.pro\/kursy\/wp-json\/wp\/v2\/types\/page"}],"author":[{"embeddable":true,"href":"https:\/\/wolski.pro\/kursy\/wp-json\/wp\/v2\/users\/1"}],"replies":[{"embeddable":true,"href":"https:\/\/wolski.pro\/kursy\/wp-json\/wp\/v2\/comments?post=4"}],"version-history":[{"count":0,"href":"https:\/\/wolski.pro\/kursy\/wp-json\/wp\/v2\/pages\/4\/revisions"}],"wp:attachment":[{"href":"https:\/\/wolski.pro\/kursy\/wp-json\/wp\/v2\/media?parent=4"}],"curies":[{"name":"wp","href":"https:\/\/api.w.org\/{rel}","templated":true}]}}