{"id":5388,"date":"2019-01-05T00:21:31","date_gmt":"2019-01-04T23:21:31","guid":{"rendered":"https:\/\/wolski.pro\/kursy\/?page_id=5388"},"modified":"2022-01-07T14:45:21","modified_gmt":"2022-01-07T13:45:21","slug":"nawigacja","status":"publish","type":"page","link":"https:\/\/wolski.pro\/kursy\/nawigacja\/","title":{"rendered":"Nawigacja"},"content":{"rendered":"<p>Poni\u017cszy film jest instrukta\u017cem nawigacji na tej stronie<\/p>\n<p><iframe src=\"https:\/\/player.vimeo.com\/video\/663337375?h=d9a6824614\" width=\"640\" height=\"360\" frameborder=\"0\" allowfullscreen=\"allowfullscreen\"><\/iframe><\/p>\n<p><strong>Zawarto\u015b\u0107 filmiku:<\/strong><\/p>\n<ul>\n<li>Zakup kursu 00:00<\/li>\n<li>Uruchomienie kursu 01:15<\/li>\n<li>Nawigacja pomi\u0119dzy modu\u0142ami 01:30<\/li>\n<li>Pobieranie plik\u00f3w 02:00<\/li>\n<li>Generowanie certyfikatu 02:10<\/li>\n<li>Logowanie do platformy 02:30<\/li>\n<li>Panel kursanta 02:30<\/li>\n<\/ul>\n<p>W razie jakichkolwiek pyta\u0144 prosz\u0119 o <a href=\"https:\/\/wolski.pro\/kursy\/kontakt\/\">maila<\/a>.<\/p>\n","protected":false},"excerpt":{"rendered":"<p>Poni\u017cszy film jest instrukta\u017cem nawigacji na tej stronie Zawarto\u015b\u0107 filmiku: Zakup kursu 00:00 Uruchomienie kursu 01:15 Nawigacja pomi\u0119dzy modu\u0142ami 01:30 Pobieranie plik\u00f3w 02:00 Generowanie certyfikatu 02:10 Logowanie do platformy 02:30 Panel kursanta 02:30 W razie jakichkolwiek pyta\u0144 prosz\u0119 o maila.<\/p>\n","protected":false},"author":1,"featured_media":0,"parent":0,"menu_order":0,"comment_status":"closed","ping_status":"closed","template":"","meta":{"_seopress_robots_primary_cat":"","_seopress_titles_title":"","_seopress_titles_desc":"","_seopress_robots_index":"","site-sidebar-layout":"default","site-content-layout":"default","ast-site-content-layout":"default","site-content-style":"default","site-sidebar-style":"default","ast-global-header-display":"","ast-banner-title-visibility":"","ast-main-header-display":"","ast-hfb-above-header-display":"","ast-hfb-below-header-display":"","ast-hfb-mobile-header-display":"","site-post-title":"","ast-breadcrumbs-content":"","ast-featured-img":"","footer-sml-layout":"","ast-disable-related-posts":"","theme-transparent-header-meta":"default","adv-header-id-meta":"","stick-header-meta":"","header-above-stick-meta":"","header-main-stick-meta":"","header-below-stick-meta":"","astra-migrate-meta-layouts":"default","ast-page-background-enabled":"default","ast-page-background-meta":{"desktop":{"background-color":"","background-image":"","background-repeat":"repeat","background-position":"center center","background-size":"auto","background-attachment":"scroll","background-type":"","background-media":"","overlay-type":"","overlay-color":"","overlay-opacity":"","overlay-gradient":""},"tablet":{"background-color":"","background-image":"","background-repeat":"repeat","background-position":"center center","background-size":"auto","background-attachment":"scroll","background-type":"","background-media":"","overlay-type":"","overlay-color":"","overlay-opacity":"","overlay-gradient":""},"mobile":{"background-color":"","background-image":"","background-repeat":"repeat","background-position":"center center","background-size":"auto","background-attachment":"scroll","background-type":"","background-media":"","overlay-type":"","overlay-color":"","overlay-opacity":"","overlay-gradient":""}},"ast-content-background-meta":{"desktop":{"background-color":"var(--ast-global-color-5)","background-image":"","background-repeat":"repeat","background-position":"center center","background-size":"auto","background-attachment":"scroll","background-type":"","background-media":"","overlay-type":"","overlay-color":"","overlay-opacity":"","overlay-gradient":""},"tablet":{"background-color":"var(--ast-global-color-5)","background-image":"","background-repeat":"repeat","background-position":"center center","background-size":"auto","background-attachment":"scroll","background-type":"","background-media":"","overlay-type":"","overlay-color":"","overlay-opacity":"","overlay-gradient":""},"mobile":{"background-color":"var(--ast-global-color-5)","background-image":"","background-repeat":"repeat","background-position":"center center","background-size":"auto","background-attachment":"scroll","background-type":"","background-media":"","overlay-type":"","overlay-color":"","overlay-opacity":"","overlay-gradient":""}},"footnotes":""},"class_list":["post-5388","page","type-page","status-publish","hentry"],"_links":{"self":[{"href":"https:\/\/wolski.pro\/kursy\/wp-json\/wp\/v2\/pages\/5388","targetHints":{"allow":["GET"]}}],"collection":[{"href":"https:\/\/wolski.pro\/kursy\/wp-json\/wp\/v2\/pages"}],"about":[{"href":"https:\/\/wolski.pro\/kursy\/wp-json\/wp\/v2\/types\/page"}],"author":[{"embeddable":true,"href":"https:\/\/wolski.pro\/kursy\/wp-json\/wp\/v2\/users\/1"}],"replies":[{"embeddable":true,"href":"https:\/\/wolski.pro\/kursy\/wp-json\/wp\/v2\/comments?post=5388"}],"version-history":[{"count":0,"href":"https:\/\/wolski.pro\/kursy\/wp-json\/wp\/v2\/pages\/5388\/revisions"}],"wp:attachment":[{"href":"https:\/\/wolski.pro\/kursy\/wp-json\/wp\/v2\/media?parent=5388"}],"curies":[{"name":"wp","href":"https:\/\/api.w.org\/{rel}","templated":true}]}}