{"id":6629,"date":"2019-04-26T21:42:43","date_gmt":"2019-04-26T19:42:43","guid":{"rendered":"https:\/\/wolski.pro\/kursy\/?page_id=6629"},"modified":"2025-09-05T18:28:49","modified_gmt":"2025-09-05T16:28:49","slug":"internetowe-kursy-z-analizy-procesow-biznesowych-oraz-projektowania-systemow-informatycznych","status":"publish","type":"page","link":"https:\/\/wolski.pro\/kursy\/","title":{"rendered":"Internetowe kursy z analizy proces\u00f3w biznesowych oraz projektowania system\u00f3w informatycznych"},"content":{"rendered":"\t\t<div data-elementor-type=\"wp-post\" data-elementor-id=\"6629\" class=\"elementor elementor-6629\">\n\t\t\t\t\t\t<section class=\"elementor-section elementor-top-section elementor-element elementor-element-c8564aa elementor-section-boxed elementor-section-height-default elementor-section-height-default\" data-id=\"c8564aa\" data-element_type=\"section\" data-e-type=\"section\">\n\t\t\t\t\t\t<div class=\"elementor-container elementor-column-gap-default\">\n\t\t\t\t\t<div class=\"elementor-column elementor-col-16 elementor-top-column elementor-element elementor-element-4885364\" data-id=\"4885364\" data-element_type=\"column\" data-e-type=\"column\">\n\t\t\t<div class=\"elementor-widget-wrap\">\n\t\t\t\t\t\t\t<\/div>\n\t\t<\/div>\n\t\t\t\t<div class=\"elementor-column elementor-col-66 elementor-top-column elementor-element elementor-element-26be6d4\" data-id=\"26be6d4\" data-element_type=\"column\" data-e-type=\"column\">\n\t\t\t<div class=\"elementor-widget-wrap elementor-element-populated\">\n\t\t\t\t\t\t<div class=\"elementor-element elementor-element-55ad041 elementor-widget elementor-widget-spacer\" data-id=\"55ad041\" data-element_type=\"widget\" data-e-type=\"widget\" data-widget_type=\"spacer.default\">\n\t\t\t\t<div class=\"elementor-widget-container\">\n\t\t\t\t\t\t\t<div class=\"elementor-spacer\">\n\t\t\t<div class=\"elementor-spacer-inner\"><\/div>\n\t\t<\/div>\n\t\t\t\t\t\t<\/div>\n\t\t\t\t<\/div>\n\t\t\t\t<div class=\"elementor-element elementor-element-18afa17 elementor-widget elementor-widget-heading\" data-id=\"18afa17\" data-element_type=\"widget\" data-e-type=\"widget\" data-widget_type=\"heading.default\">\n\t\t\t\t<div class=\"elementor-widget-container\">\n\t\t\t\t\t<h2 class=\"elementor-heading-title elementor-size-default\">Rozwi\u0144 swoje umiej\u0119tno\u015bci z kursami online<\/h2>\t\t\t\t<\/div>\n\t\t\t\t<\/div>\n\t\t\t\t<div class=\"elementor-element elementor-element-ea4ab6a elementor-widget elementor-widget-text-editor\" data-id=\"ea4ab6a\" data-element_type=\"widget\" data-e-type=\"widget\" data-widget_type=\"text-editor.default\">\n\t\t\t\t<div class=\"elementor-widget-container\">\n\t\t\t\t\t\t\t\t\t<p>Chcesz biegle porusza\u0107 si\u0119 po Enterprise Architect, tworzy\u0107 profesjonalne modele UML i BPMN? Przygotowa\u0142em dla Ciebie seri\u0119 praktycznych kurs\u00f3w wideo, dzi\u0119ki kt\u00f3rym zdob\u0119dziesz konkretne umiej\u0119tno\u015bci w swoim w\u0142asnym tempie.<\/p>\t\t\t\t\t\t\t\t<\/div>\n\t\t\t\t<\/div>\n\t\t\t\t<div class=\"elementor-element elementor-element-d598367 elementor-widget__width-initial elementor-widget elementor-widget-image\" data-id=\"d598367\" data-element_type=\"widget\" data-e-type=\"widget\" data-widget_type=\"image.default\">\n\t\t\t\t<div class=\"elementor-widget-container\">\n\t\t\t\t\t\t\t\t\t\t\t\t\t\t\t<img fetchpriority=\"high\" decoding=\"async\" width=\"768\" height=\"307\" src=\"https:\/\/wolski.pro\/kursy\/wp-content\/uploads\/2020\/11\/baner_SZEA_filmy-768x307.png\" class=\"attachment-medium_large size-medium_large wp-image-15706\" alt=\"Baner Szea Filmy\" srcset=\"https:\/\/wolski.pro\/kursy\/wp-content\/uploads\/2020\/11\/baner_SZEA_filmy-768x307.png 768w, https:\/\/wolski.pro\/kursy\/wp-content\/uploads\/2020\/11\/baner_SZEA_filmy-300x120.png 300w, https:\/\/wolski.pro\/kursy\/wp-content\/uploads\/2020\/11\/baner_SZEA_filmy-1024x410.png 1024w, https:\/\/wolski.pro\/kursy\/wp-content\/uploads\/2020\/11\/baner_SZEA_filmy-1536x614.png 1536w, https:\/\/wolski.pro\/kursy\/wp-content\/uploads\/2020\/11\/baner_SZEA_filmy-2048x819.png 2048w, https:\/\/wolski.pro\/kursy\/wp-content\/uploads\/2020\/11\/baner_SZEA_filmy-600x240.png 600w\" sizes=\"(max-width: 768px) 100vw, 768px\" \/>\t\t\t\t\t\t\t\t\t\t\t\t\t\t\t<\/div>\n\t\t\t\t<\/div>\n\t\t\t\t<div class=\"elementor-element elementor-element-a810c0c elementor-widget__width-initial elementor-widget elementor-widget-text-editor\" data-id=\"a810c0c\" data-element_type=\"widget\" data-e-type=\"widget\" data-widget_type=\"text-editor.default\">\n\t\t\t\t<div class=\"elementor-widget-container\">\n\t\t\t\t\t\t\t\t\t<p style=\"box-sizing: inherit; font-size: 15px; font-style: normal; font-weight: 400; color: #495060; font-family: -apple-system, BlinkMacSystemFont, 'Segoe UI', Roboto, Oxygen-Sans, Ubuntu, Cantarell, 'Helvetica Neue', sans-serif;\"><b>Szkolenie z Enterprise Architect <\/b><span style=\"font-weight: 400;\">to kompleksowy kurs, na kt\u00f3rym przedstawiam krok po kroku funkcje Enterprise Architect firmy Sparx Systems. Kurs bazuje na wersji 15.2 oraz zawiera nowo\u015bci z wersji 16<\/span><\/p><p style=\"box-sizing: inherit; font-size: 15px; font-style: normal; font-weight: 400; color: #495060; font-family: -apple-system, BlinkMacSystemFont, 'Segoe UI', Roboto, Oxygen-Sans, Ubuntu, Cantarell, 'Helvetica Neue', sans-serif;\">Kurs sk\u0142ada si\u0119 z ponad\u00a0<span style=\"box-sizing: inherit; font-size: 15px; font-weight: bold;\">25 lekcji <\/span>u\u0142o\u017conych zawieraj\u0105cych ponad <strong>5<\/strong> <strong>godziny<\/strong> nagra\u0144. Na kursie tym prezentuj\u0119 <strong>blisko 180 funkcji<\/strong> Enterprise Architect.<\/p><p>Dodatkowo na kursie znajduje si\u0119 90 minutowy zestaw lekcji o generowaniu raport\u00f3w w Enterprise Architect.\u00a0<\/p>\t\t\t\t\t\t\t\t<\/div>\n\t\t\t\t<\/div>\n\t\t\t\t<div class=\"elementor-element elementor-element-000926f elementor-align-center elementor-widget elementor-widget-button\" data-id=\"000926f\" data-element_type=\"widget\" data-e-type=\"widget\" data-widget_type=\"button.default\">\n\t\t\t\t<div class=\"elementor-widget-container\">\n\t\t\t\t\t\t\t\t\t<div class=\"elementor-button-wrapper\">\n\t\t\t\t\t<a class=\"elementor-button elementor-button-link elementor-size-sm\" href=\"https:\/\/wolski.pro\/kursy\/produkt\/internetowy-kurs-z-enterprise-architect\/\">\n\t\t\t\t\t\t<span class=\"elementor-button-content-wrapper\">\n\t\t\t\t\t\t\t\t\t<span class=\"elementor-button-text\">Wi\u0119cej informacji<\/span>\n\t\t\t\t\t<\/span>\n\t\t\t\t\t<\/a>\n\t\t\t\t<\/div>\n\t\t\t\t\t\t\t\t<\/div>\n\t\t\t\t<\/div>\n\t\t\t\t<div class=\"elementor-element elementor-element-da39602 elementor-widget elementor-widget-spacer\" data-id=\"da39602\" data-element_type=\"widget\" data-e-type=\"widget\" data-widget_type=\"spacer.default\">\n\t\t\t\t<div class=\"elementor-widget-container\">\n\t\t\t\t\t\t\t<div class=\"elementor-spacer\">\n\t\t\t<div class=\"elementor-spacer-inner\"><\/div>\n\t\t<\/div>\n\t\t\t\t\t\t<\/div>\n\t\t\t\t<\/div>\n\t\t\t\t<div class=\"elementor-element elementor-element-35f9d8e elementor-widget elementor-widget-image\" data-id=\"35f9d8e\" data-element_type=\"widget\" data-e-type=\"widget\" data-widget_type=\"image.default\">\n\t\t\t\t<div class=\"elementor-widget-container\">\n\t\t\t\t\t\t\t\t\t\t\t\t\t\t\t<img decoding=\"async\" width=\"768\" height=\"307\" src=\"https:\/\/wolski.pro\/kursy\/wp-content\/uploads\/2024\/09\/baner_Kurs_BPMN-768x307.png\" class=\"attachment-medium_large size-medium_large wp-image-28135\" alt=\"baner kurs bpmn\" srcset=\"https:\/\/wolski.pro\/kursy\/wp-content\/uploads\/2024\/09\/baner_Kurs_BPMN-768x307.png 768w, https:\/\/wolski.pro\/kursy\/wp-content\/uploads\/2024\/09\/baner_Kurs_BPMN-300x120.png 300w, https:\/\/wolski.pro\/kursy\/wp-content\/uploads\/2024\/09\/baner_Kurs_BPMN-1024x410.png 1024w, https:\/\/wolski.pro\/kursy\/wp-content\/uploads\/2024\/09\/baner_Kurs_BPMN-1536x614.png 1536w, https:\/\/wolski.pro\/kursy\/wp-content\/uploads\/2024\/09\/baner_Kurs_BPMN-2048x819.png 2048w, https:\/\/wolski.pro\/kursy\/wp-content\/uploads\/2024\/09\/baner_Kurs_BPMN-600x240.png 600w\" sizes=\"(max-width: 768px) 100vw, 768px\" \/>\t\t\t\t\t\t\t\t\t\t\t\t\t\t\t<\/div>\n\t\t\t\t<\/div>\n\t\t\t\t<div class=\"elementor-element elementor-element-a7804cb elementor-widget elementor-widget-text-editor\" data-id=\"a7804cb\" data-element_type=\"widget\" data-e-type=\"widget\" data-widget_type=\"text-editor.default\">\n\t\t\t\t<div class=\"elementor-widget-container\">\n\t\t\t\t\t\t\t\t\t<p style=\"box-sizing: inherit; font-size: 15px; font-style: normal; font-weight: 400; color: #495060; font-family: -apple-system, BlinkMacSystemFont, 'Segoe UI', Roboto, Oxygen-Sans, Ubuntu, Cantarell, 'Helvetica Neue', sans-serif;\">BPMN praktycznie to kurs, na kt\u00f3rym jest <span style=\"box-sizing: inherit; font-size: 15px; font-weight: bold;\">ponad 15 lekcji<\/span>, na kt\u00f3rych prezentuj\u0119 praktyczne aspekty tworzenia diagram\u00f3w w notacji BPMN.<\/p><p style=\"box-sizing: inherit; font-size: 15px; font-style: normal; font-weight: 400; color: #495060; font-family: -apple-system, BlinkMacSystemFont, 'Segoe UI', Roboto, Oxygen-Sans, Ubuntu, Cantarell, 'Helvetica Neue', sans-serif;\"><span style=\"font-size: 15px; font-style: normal; font-weight: 400;\">Kurs dedykowany jest\u00a0<\/span><span style=\"font-size: 15px; font-style: normal; box-sizing: inherit;\">dla os\u00f3b<\/span><span style=\"font-size: 15px; font-style: normal; font-weight: 400;\">,\u00a0<\/span><span style=\"font-size: 15px; font-style: normal; box-sizing: inherit;\">kt\u00f3re<\/span><span style=\"font-size: 15px; font-style: normal; font-weight: 400;\"> b\u0119d\u0105<\/span><span style=\"font-size: 15px; font-style: normal; box-sizing: inherit;\">\u00a0opisywa\u0107<\/span><span style=\"font-size: 15px; font-style: normal; box-sizing: inherit; font-weight: bold;\"> procesy biznesowe w BPMN<\/span><span style=\"font-size: 15px; font-style: normal; font-weight: 400;\">. <\/span><span style=\"font-size: 15px; font-style: normal; font-weight: 400;\">Na kursie poznasz te\u017c najcz\u0119\u015bciej stosowane elementy notacji\u00a0<\/span><span style=\"box-sizing: inherit; font-size: 15px; font-weight: bold;\">BPMN (Business Process Model and Notation)<\/span><span style=\"font-size: 15px; font-style: normal; font-weight: 400;\">.<\/span><\/p><p style=\"box-sizing: inherit; font-size: 15px; font-style: normal; font-weight: 400; color: #495060; font-family: -apple-system, BlinkMacSystemFont, 'Segoe UI', Roboto, Oxygen-Sans, Ubuntu, Cantarell, 'Helvetica Neue', sans-serif;\"><span style=\"font-size: 15px; font-style: normal; font-weight: 400;\">Na kursie prezentowane s\u0105 przyk\u0142ady modeli BPMN przygotowane w Enterprise Architect.<\/span><\/p><p style=\"box-sizing: inherit; font-size: 15px; font-style: normal; margin-bottom: 0px; color: #495060; font-family: -apple-system, BlinkMacSystemFont, 'Segoe UI', Roboto, Oxygen-Sans, Ubuntu, Cantarell, 'Helvetica Neue', sans-serif;\">\u00a0<\/p>\t\t\t\t\t\t\t\t<\/div>\n\t\t\t\t<\/div>\n\t\t\t\t<div class=\"elementor-element elementor-element-ef704a1 elementor-align-center elementor-widget elementor-widget-button\" data-id=\"ef704a1\" data-element_type=\"widget\" data-e-type=\"widget\" data-widget_type=\"button.default\">\n\t\t\t\t<div class=\"elementor-widget-container\">\n\t\t\t\t\t\t\t\t\t<div class=\"elementor-button-wrapper\">\n\t\t\t\t\t<a class=\"elementor-button elementor-button-link elementor-size-sm\" href=\"https:\/\/wolski.pro\/kursy\/produkt\/internetowy-kurs-bpmn-praktycznie\/\">\n\t\t\t\t\t\t<span class=\"elementor-button-content-wrapper\">\n\t\t\t\t\t\t\t\t\t<span class=\"elementor-button-text\">Wi\u0119cej informacji<\/span>\n\t\t\t\t\t<\/span>\n\t\t\t\t\t<\/a>\n\t\t\t\t<\/div>\n\t\t\t\t\t\t\t\t<\/div>\n\t\t\t\t<\/div>\n\t\t\t\t<div class=\"elementor-element elementor-element-cf7c395 elementor-widget elementor-widget-spacer\" data-id=\"cf7c395\" data-element_type=\"widget\" data-e-type=\"widget\" data-widget_type=\"spacer.default\">\n\t\t\t\t<div class=\"elementor-widget-container\">\n\t\t\t\t\t\t\t<div class=\"elementor-spacer\">\n\t\t\t<div class=\"elementor-spacer-inner\"><\/div>\n\t\t<\/div>\n\t\t\t\t\t\t<\/div>\n\t\t\t\t<\/div>\n\t\t\t\t<div class=\"elementor-element elementor-element-48af399 elementor-widget elementor-widget-image\" data-id=\"48af399\" data-element_type=\"widget\" data-e-type=\"widget\" data-widget_type=\"image.default\">\n\t\t\t\t<div class=\"elementor-widget-container\">\n\t\t\t\t\t\t\t\t\t\t\t\t\t\t\t<img decoding=\"async\" width=\"768\" height=\"300\" src=\"https:\/\/wolski.pro\/kursy\/wp-content\/uploads\/2024\/09\/baner_Kurs_UML-768x300.png\" class=\"attachment-medium_large size-medium_large wp-image-28145\" alt=\"baner kurs uml\" srcset=\"https:\/\/wolski.pro\/kursy\/wp-content\/uploads\/2024\/09\/baner_Kurs_UML-768x300.png 768w, https:\/\/wolski.pro\/kursy\/wp-content\/uploads\/2024\/09\/baner_Kurs_UML-300x117.png 300w, https:\/\/wolski.pro\/kursy\/wp-content\/uploads\/2024\/09\/baner_Kurs_UML-1024x400.png 1024w, https:\/\/wolski.pro\/kursy\/wp-content\/uploads\/2024\/09\/baner_Kurs_UML-1536x601.png 1536w, https:\/\/wolski.pro\/kursy\/wp-content\/uploads\/2024\/09\/baner_Kurs_UML-2048x801.png 2048w, https:\/\/wolski.pro\/kursy\/wp-content\/uploads\/2024\/09\/baner_Kurs_UML-600x235.png 600w\" sizes=\"(max-width: 768px) 100vw, 768px\" \/>\t\t\t\t\t\t\t\t\t\t\t\t\t\t\t<\/div>\n\t\t\t\t<\/div>\n\t\t\t\t<div class=\"elementor-element elementor-element-a3b18db elementor-widget elementor-widget-text-editor\" data-id=\"a3b18db\" data-element_type=\"widget\" data-e-type=\"widget\" data-widget_type=\"text-editor.default\">\n\t\t\t\t<div class=\"elementor-widget-container\">\n\t\t\t\t\t\t\t\t\t<p style=\"box-sizing: inherit; font-size: 15px; font-style: normal; font-weight: 400; color: #495060; font-family: -apple-system, BlinkMacSystemFont, 'Segoe UI', Roboto, Oxygen-Sans, Ubuntu, Cantarell, 'Helvetica Neue', sans-serif;\">Kurs jest dedykowany mi\u0119dzy innymi dla os\u00f3b, kt\u00f3re\u00a0chc\u0105\u00a0<span style=\"box-sizing: inherit; font-size: 15px; font-weight: bold;\">pozna\u0107 j\u0119zyk UML<\/span>, bior\u0105 udzia\u0142 w procesie\u00a0<span style=\"box-sizing: inherit; font-size: 15px; font-weight: bold;\">integracji system\u00f3w<\/span>, wsp\u00f3\u0142tworz\u0105 modele opisuj\u0105ce dane lub\u00a0<span style=\"box-sizing: inherit; font-size: 15px; font-weight: bold;\">otrzymuj\u0105 do weryfikacji r\u00f3\u017cne diagramy od dostawcy systemu<\/span>.<\/p><div class=\"text_exposed_show\" style=\"box-sizing: inherit; font-size: 15px; font-style: normal; color: #495060; font-family: -apple-system, BlinkMacSystemFont, 'Segoe UI', Roboto, Oxygen-Sans, Ubuntu, Cantarell, 'Helvetica Neue', sans-serif;\"><p style=\"font-weight: 400; box-sizing: inherit; font-size: 15px;\">Kurs sk\u0142ada si\u0119 z\u00a0<span style=\"box-sizing: inherit; font-size: 15px; font-weight: bold;\">12 logicznie powi\u0105zanych modu\u0142\u00f3w<\/span>, w kt\u00f3rych omawiam\u00a0<span style=\"box-sizing: inherit; font-size: 15px; font-weight: bold;\">najwa\u017cniejsze diagramy UML<\/span>.\u00a0<\/p><p style=\"box-sizing: inherit; font-size: 15px;\">Na kursie prezentowane s\u0105 przyk\u0142ady modeli UML przygotowane w Enterprise Architect.\u00a0<\/p><\/div>\t\t\t\t\t\t\t\t<\/div>\n\t\t\t\t<\/div>\n\t\t\t\t<div class=\"elementor-element elementor-element-222975b elementor-align-center elementor-widget elementor-widget-button\" data-id=\"222975b\" data-element_type=\"widget\" data-e-type=\"widget\" data-widget_type=\"button.default\">\n\t\t\t\t<div class=\"elementor-widget-container\">\n\t\t\t\t\t\t\t\t\t<div class=\"elementor-button-wrapper\">\n\t\t\t\t\t<a class=\"elementor-button elementor-button-link elementor-size-sm\" href=\"https:\/\/wolski.pro\/kursy\/produkt\/internetowy-kurs-uml-praktycznie\/\">\n\t\t\t\t\t\t<span class=\"elementor-button-content-wrapper\">\n\t\t\t\t\t\t\t\t\t<span class=\"elementor-button-text\">Wi\u0119cej informacji<\/span>\n\t\t\t\t\t<\/span>\n\t\t\t\t\t<\/a>\n\t\t\t\t<\/div>\n\t\t\t\t\t\t\t\t<\/div>\n\t\t\t\t<\/div>\n\t\t\t\t<div class=\"elementor-element elementor-element-2acabda elementor-widget elementor-widget-text-editor\" data-id=\"2acabda\" data-element_type=\"widget\" data-e-type=\"widget\" data-widget_type=\"text-editor.default\">\n\t\t\t\t<div class=\"elementor-widget-container\">\n\t\t\t\t\t\t\t\t\t<h3>Potrzebujesz Szkolenia dla Ca\u0142ego Zespo\u0142u?<\/h3><p>Prowadzisz firm\u0119 lub zarz\u0105dzasz zespo\u0142em analityk\u00f3w i architekt\u00f3w? W ramach mojej firmy <b>MODESTO<\/b> realizujemy zamkni\u0119te warsztaty, idealnie dopasowane do potrzeb Twojej organizacji. <b><i>Dowiedz si\u0119 wi\u0119cej o szkoleniach firmowych na <a href=\"https:\/\/modesto.pl\">modesto.pl<\/a><\/i><\/b><\/p>\t\t\t\t\t\t\t\t<\/div>\n\t\t\t\t<\/div>\n\t\t\t\t\t<\/div>\n\t\t<\/div>\n\t\t\t\t<div class=\"elementor-column elementor-col-16 elementor-top-column elementor-element elementor-element-323c61e\" data-id=\"323c61e\" data-element_type=\"column\" data-e-type=\"column\">\n\t\t\t<div class=\"elementor-widget-wrap\">\n\t\t\t\t\t\t\t<\/div>\n\t\t<\/div>\n\t\t\t\t\t<\/div>\n\t\t<\/section>\n\t\t\t\t<\/div>\n\t\t","protected":false},"excerpt":{"rendered":"<p>Rozwi\u0144 swoje umiej\u0119tno\u015bci z kursami online Chcesz biegle porusza\u0107 si\u0119 po Enterprise Architect, tworzy\u0107 profesjonalne modele UML i BPMN? Przygotowa\u0142em dla Ciebie seri\u0119 praktycznych kurs\u00f3w wideo, dzi\u0119ki kt\u00f3rym zdob\u0119dziesz konkretne umiej\u0119tno\u015bci w swoim w\u0142asnym tempie. Szkolenie z Enterprise Architect to kompleksowy kurs, na kt\u00f3rym przedstawiam krok po kroku funkcje Enterprise Architect firmy Sparx Systems. Kurs [&hellip;]<\/p>\n","protected":false},"author":1,"featured_media":0,"parent":0,"menu_order":0,"comment_status":"closed","ping_status":"closed","template":"","meta":{"_seopress_robots_primary_cat":"","_seopress_titles_title":"Internetowe kursy z notacji BPMN i UML oraz Enterprise Architect %%sep%% %%sitetitle%%","_seopress_titles_desc":"UML praktycznie oraz BPMN praktycznie to internetowe kursy, na kt\u00f3rych prezentowane s\u0105 najwa\u017cniejsze elementy tych notacji. Kurs z Enterprise Architect to nauka ponad 180 funkcji tego oprogramowania.","_seopress_robots_index":"","site-sidebar-layout":"no-sidebar","site-content-layout":"page-builder","ast-site-content-layout":"default","site-content-style":"default","site-sidebar-style":"default","ast-global-header-display":"","ast-banner-title-visibility":"","ast-main-header-display":"","ast-hfb-above-header-display":"","ast-hfb-below-header-display":"","ast-hfb-mobile-header-display":"","site-post-title":"disabled","ast-breadcrumbs-content":"","ast-featured-img":"disabled","footer-sml-layout":"","ast-disable-related-posts":"","theme-transparent-header-meta":"default","adv-header-id-meta":"","stick-header-meta":"","header-above-stick-meta":"","header-main-stick-meta":"","header-below-stick-meta":"","astra-migrate-meta-layouts":"default","ast-page-background-enabled":"default","ast-page-background-meta":{"desktop":{"background-color":"","background-image":"","background-repeat":"repeat","background-position":"center center","background-size":"auto","background-attachment":"scroll","background-type":"","background-media":"","overlay-type":"","overlay-color":"","overlay-opacity":"","overlay-gradient":""},"tablet":{"background-color":"","background-image":"","background-repeat":"repeat","background-position":"center center","background-size":"auto","background-attachment":"scroll","background-type":"","background-media":"","overlay-type":"","overlay-color":"","overlay-opacity":"","overlay-gradient":""},"mobile":{"background-color":"","background-image":"","background-repeat":"repeat","background-position":"center center","background-size":"auto","background-attachment":"scroll","background-type":"","background-media":"","overlay-type":"","overlay-color":"","overlay-opacity":"","overlay-gradient":""}},"ast-content-background-meta":{"desktop":{"background-color":"var(--ast-global-color-5)","background-image":"","background-repeat":"repeat","background-position":"center center","background-size":"auto","background-attachment":"scroll","background-type":"","background-media":"","overlay-type":"","overlay-color":"","overlay-opacity":"","overlay-gradient":""},"tablet":{"background-color":"var(--ast-global-color-5)","background-image":"","background-repeat":"repeat","background-position":"center center","background-size":"auto","background-attachment":"scroll","background-type":"","background-media":"","overlay-type":"","overlay-color":"","overlay-opacity":"","overlay-gradient":""},"mobile":{"background-color":"var(--ast-global-color-5)","background-image":"","background-repeat":"repeat","background-position":"center center","background-size":"auto","background-attachment":"scroll","background-type":"","background-media":"","overlay-type":"","overlay-color":"","overlay-opacity":"","overlay-gradient":""}},"footnotes":""},"class_list":["post-6629","page","type-page","status-publish","hentry"],"_links":{"self":[{"href":"https:\/\/wolski.pro\/kursy\/wp-json\/wp\/v2\/pages\/6629","targetHints":{"allow":["GET"]}}],"collection":[{"href":"https:\/\/wolski.pro\/kursy\/wp-json\/wp\/v2\/pages"}],"about":[{"href":"https:\/\/wolski.pro\/kursy\/wp-json\/wp\/v2\/types\/page"}],"author":[{"embeddable":true,"href":"https:\/\/wolski.pro\/kursy\/wp-json\/wp\/v2\/users\/1"}],"replies":[{"embeddable":true,"href":"https:\/\/wolski.pro\/kursy\/wp-json\/wp\/v2\/comments?post=6629"}],"version-history":[{"count":8,"href":"https:\/\/wolski.pro\/kursy\/wp-json\/wp\/v2\/pages\/6629\/revisions"}],"predecessor-version":[{"id":30175,"href":"https:\/\/wolski.pro\/kursy\/wp-json\/wp\/v2\/pages\/6629\/revisions\/30175"}],"wp:attachment":[{"href":"https:\/\/wolski.pro\/kursy\/wp-json\/wp\/v2\/media?parent=6629"}],"curies":[{"name":"wp","href":"https:\/\/api.w.org\/{rel}","templated":true}]}}