{"id":15033,"date":"2020-11-04T23:17:22","date_gmt":"2020-11-04T22:17:22","guid":{"rendered":"https:\/\/wolski.pro\/kursy\/?post_type=product&#038;p=15033"},"modified":"2026-03-07T15:12:26","modified_gmt":"2026-03-07T14:12:26","slug":"internetowy-kurs-z-enterprise-architect","status":"publish","type":"product","link":"https:\/\/wolski.pro\/kursy\/produkt\/internetowy-kurs-z-enterprise-architect\/","title":{"rendered":"Internetowy kurs z Enterprise Architect"},"content":{"rendered":"<div class=\"elementor-element elementor-element-0c14abe elementor-widget elementor-widget-heading\" data-id=\"0c14abe\" data-element_type=\"widget\" data-widget_type=\"heading.default\">\n<div class=\"elementor-widget-container\">\n<h1 class=\"vc_custom_heading vc_custom_1523378658727\">Internetowy kurs z Enterprise Architect jest kierowany do os\u00f3b, kt\u00f3re:<\/h1>\n<\/div>\n<\/div>\n<div class=\"elementor-element elementor-element-a8c8ff1 elementor-widget elementor-widget-text-editor\" data-id=\"a8c8ff1\" data-element_type=\"widget\" data-widget_type=\"text-editor.default\">\n<div class=\"elementor-widget-container\">\n<ul>\n<li>buduj\u0105 dokumentacj\u0119 w Enterprise Architect;<\/li>\n<li>wytwarzaj\u0105 systemy informatyczne;<\/li>\n<li>potrzebuj\u0105 wiedzy, jak w praktyce stosuj\u0119 notacj\u0119 UML, BPMN, ArchiMate;<\/li>\n<li>pos\u0142uguj\u0105 si\u0119 lub chcia\u0142by si\u0119 pos\u0142ugiwa\u0107 Enterprise Architect Sparx Systems<\/li>\n<li>chc\u0105 w spos\u00f3b zwinny podej\u015b\u0107 do tematu dokumentowania oprogramowania;<\/li>\n<li>s\u0105 analitykami biznesowymi lub systemowymi;<\/li>\n<li>szukaj\u0105 mo\u017cliwo\u015bci wykorzystania Enterprise Architect w procesie analizy i projektowania oprogramowania;<\/li>\n<li>chc\u0105 zarz\u0105dza\u0107 zamian\u0105, pracowa\u0107 grupowo lub b\u0119d\u0105 wykorzystywa\u0107 udost\u0119pniane za pomoc\u0105 Pro Cloud Server<\/li>\n<\/ul>\n<p><strong>Je\u015bli czujesz, \u017ce znajomo\u015b\u0107 Enterprise Architect u\u0142atwi Twoj\u0105 prac\u0119 \u2013 nie zwlekaj. Skorzystaj z kursu.\u00a0<\/strong><\/p>\n<\/div>\n<\/div>\n<p>Zawarto\u015b\u0107 kursu:<\/p>\n<ol>\n<li style=\"list-style-type: none;\">\n<ol>\n<li style=\"list-style-type: none;\">\n<ol>\n<li><strong>Zak\u0142adanie i otwieranie repozytorium Enterprise Architect 15<\/strong>\n<ol>\n<li>Za\u0142o\u017cenie repozytorium plikowego 00:13<\/li>\n<li>Pod\u0142\u0105czenie si\u0119 do repozytorium plik 00:50<\/li>\n<li>Pod\u0142\u0105czenie si\u0119 do repozytorium baza danych 01:30<\/li>\n<li>Pod\u0142\u0105czenie si\u0119 do repozytorium Cloud Server 03:25<\/li>\n<\/ol>\n<\/li>\n<li><strong>\u00a0Zak\u0142adanie i otwieranie repozytorium Enterprise Architect 16 i 17<\/strong>\n<ol>\n<li>Za\u0142o\u017cenie repozytorium plikowego 00:20<\/li>\n<li>Pod\u0142\u0105czenie si\u0119 do repozytorium plik 01:25<\/li>\n<li>Transfer repozytorium EAP do QEAP 02:30<\/li>\n<li>Pod\u0142\u0105czenie si\u0119 do repozytorium baza danych 03:20<\/li>\n<li>Pod\u0142\u0105czenie si\u0119 do repozytorium Cloud Server 04:10<\/li>\n<\/ol>\n<\/li>\n<li><strong>Dodawanie pakiet\u00f3w i element\u00f3w do modelu<\/strong>\n<ol>\n<li>Dodanie widoku \u2013 pakietu 00:10<\/li>\n<li>Kolejno\u015b\u0107 element\u00f3w w repozytorium 01:35<\/li>\n<li>Dodawanie diagram\u00f3w 02:00<\/li>\n<li>Dodanie elementu na diagram 03:10<\/li>\n<li>Po\u0142\u0105czenie element\u00f3w na diagramie 04:06<\/li>\n<li>W\u0142asno\u015bci relacji 05:00<\/li>\n<li>Usuwanie i ukrywanie relacji 07:35<\/li>\n<li>Usuwanie elementu 09:35<\/li>\n<\/ol>\n<\/li>\n<li><strong>Menu Enterprise Architect i w\u0142asno\u015bci element\u00f3w<\/strong>\n<ol>\n<li>Menu Enterprise Architect 00:21<\/li>\n<li>Zmiana typu diagramu 05:25<\/li>\n<li>W\u0142asno\u015bci element\u00f3w 05:45<\/li>\n<li>Menu w Enterprise Architect 16 08:30<\/li>\n<\/ol>\n<\/li>\n<li><strong>Wygl\u0105d diagram\u00f3w<\/strong>\n<ol>\n<li>Wyr\u00f3wnywanie element\u00f3w 01:00<\/li>\n<li>Kolory i czcionka 01:40<\/li>\n<li>Zapami\u0119tywanie wielu diagram\u00f3w 03:20<\/li>\n<li>Legenda na diagramach 03:50<\/li>\n<li>Porz\u0105dkowanie relacji 04:25<\/li>\n<li>Zamiana piktogramu elementu 05:40<\/li>\n<li>Zmiana trybu wy\u015bwietlania diagramu 06:45<\/li>\n<li>Podsumowanie diagramu 07:20<\/li>\n<\/ol>\n<\/li>\n<li><strong>Przedstawienie problemu<\/strong><\/li>\n<li><strong>Wymagania<\/strong>\n<ol>\n<li>Dodawanie diagramu wymaga\u0144 00:10<\/li>\n<li>Dodawanie wymagania biznesowego 01:50<\/li>\n<li>Kolory status\u00f3w na wymaganiach 03:00<\/li>\n<li>Dodawanie w\u0142asnych status\u00f3w 03:50<\/li>\n<li>W\u0142asne nazwy priorytet\u00f3w, scenariuszy 04:50<\/li>\n<li>Dodawanie wymaga\u0144 na system 05:25<\/li>\n<li>Relacje pomi\u0119dzy wymaganiami 06:30<\/li>\n<li>Porz\u0105dkowanie wymaga\u0144 07:45<\/li>\n<\/ol>\n<\/li>\n<li><strong>Procesy biznesowe<\/strong>\n<ol>\n<li>Dodawanie diagram BPMN 00:10<\/li>\n<li>Dodawanie procesu biznesowego 00:50<\/li>\n<li>Wyszukiwanie diagramu w strukturze repozytorium 01:20<\/li>\n<li>Dodawanie element\u00f3w na diagram BPMN 01:40<\/li>\n<li>Bramki I relacje pomi\u0119dzy elementami 04:25<\/li>\n<li>Nawigacja pomi\u0119dzy elementem proces biznesowy a diagramem 05:50<\/li>\n<li>W\u0142asno\u015bci bramek 06:30<\/li>\n<li>Opisywanie relacji 07:45<\/li>\n<li>W\u0142asno\u015bci zdarze\u0144 pocz\u0105tkowych, po\u015brednich i ko\u0144cowych 08:25<\/li>\n<li>Zarz\u0105dzanie lane 11:10<\/li>\n<li>Obiekty danych 12:30<\/li>\n<li>W\u0142asno\u015bci aktywno\u015bci 13:00<\/li>\n<li>Ustawianie domy\u015blno\u015bci do relacji 15:10<\/li>\n<li>Podprocesy (dekompozycja aktywno\u015bci) 15:30<\/li>\n<\/ol>\n<\/li>\n<li><strong>Przypadki u\u017cycia<\/strong>\n<ol>\n<li>Dodawanie diagramu przypadk\u00f3w u\u017cycia 00:30<\/li>\n<li>Dodanie aktora i przypadku u\u017cycia 00:50<\/li>\n<li>Edycja w\u0142asno\u015bci pola notes przypadku u\u017cycia 01:15<\/li>\n<li>Wymagania wewn\u0105trz przypadk\u00f3w u\u017cycia 01:50<\/li>\n<li>Mapowanie wymaga\u0144 na przypadki u\u017cycia 03:00<\/li>\n<li>Warunki pocz\u0105tkowe i ko\u0144cowe 04:40<\/li>\n<li>Scenariusze w przypadku u\u017cycia 06:15\n<ol>\n<li>Dodawanie scenariusza g\u0142\u00f3wnego<\/li>\n<li>Zmiana kolejno\u015bci krok\u00f3w w scenariuszu<\/li>\n<li>Dodawanie scenariusza alternatywnego<\/li>\n<li>Zmiana umiejscowienia scenariusza alternatywnego (entry point)<\/li>\n<li>Wczytanie scenariusza z innych \u017ar\u00f3de\u0142<\/li>\n<li>U\u017cycie element\u00f3w z menu kontekstowego<\/li>\n<\/ol>\n<\/li>\n<li>Generowanie diagram\u00f3w aktywno\u015bci 15:45<\/li>\n<li>Okno w\u0142a\u015bciwo\u015bci przypadk\u00f3w u\u017cycia \u2013 responsibilities 16:40<\/li>\n<\/ol>\n<\/li>\n<li><strong>Relacje i zale\u017cno\u015bci<\/strong>\n<ol>\n<li>Widok traceability 00:10<\/li>\n<li>P\u00f3\u0142automatyczne budowanie diagram\u00f3w na bazie relacji (insert related elements) 00:50<\/li>\n<li>Macierz zale\u017cno\u015bci pomi\u0119dzy elementami 03:00<\/li>\n<li>Umieszczanie element\u00f3w na diagramie element\u00f3w z okna traceability 05:50<\/li>\n<\/ol>\n<\/li>\n<li><strong>Diagram aktywno\u015bci i maszyny stanowej<\/strong>\n<ol>\n<li>Dodawanie diagramu do elementu (diagram aktywno\u015bci) 00:30<\/li>\n<li>Dodanie bramki decyzyjnej 02:50<\/li>\n<li>Dodanie innego diagramu na diagram aktywno\u015bci 03:50<\/li>\n<li>Zr\u00f3wnoleglenie procesu elementy Fork i Join 04:30<\/li>\n<li>Znaczenie diagramu aktywno\u015bci \u2013 alternatywa dla s\u0142ownego opisu scenariuszy przypadk\u00f3w u\u017cycia 08:10<\/li>\n<li>Linked Document \u2013 dokumenty rozszerzaj\u0105ce 09:00<\/li>\n<li>Dodanie diagramu maszyny stanowej 10:00<\/li>\n<li>Dodanie element\u00f3w do diagramu maszyny stanowej 10:55<\/li>\n<li>Dodawanie relacji na diagramie maszyny stanowej 12:05<\/li>\n<li>Warunki, wyzwalacze, akcje\u00a0 12:35<\/li>\n<\/ol>\n<\/li>\n<li><strong>Klasy i in\u017cynieria wsteczna<\/strong>\n<ol>\n<li>Dodanie diagramu klas 00:20<\/li>\n<li>Dodanie klasy 00:40<\/li>\n<li>\u0141\u0105czenie klas relacjami 01:30<\/li>\n<li>W\u0142asno\u015bci relacji role i krotno\u015bci 02:00<\/li>\n<li>Dodawanie atrybut\u00f3w 04:20<\/li>\n<li>Klasa enumeracyjna 06:00<\/li>\n<li>Kopiowanie element\u00f3w wraz z jej zawarto\u015bci\u0105 07:30<\/li>\n<li>Kopiowanie i przenoszenie atrybut\u00f3w 08:00<\/li>\n<li>Relacje pomi\u0119dzy atrybutami<\/li>\n<li>Import kodu \u017ar\u00f3d\u0142owego do Enterprise Architect 09:30<\/li>\n<li>Import struktury bazy danych 12:00<\/li>\n<\/ol>\n<\/li>\n<li><strong>Komponenty i diagramy sekwencji<\/strong>\n<ol>\n<li>Dodanie diagramu komponent\u00f3w 00:20<\/li>\n<li>Dodanie element\u00f3w na diagram komponent\u00f3w 00:40<\/li>\n<li>\u0141\u0105czenie interfejsu z komponentem 02:30<\/li>\n<li>Dodanie interfejsu (Expose Interface) 03:10<\/li>\n<li>Dodanie elementu port i po\u0142\u0105czenie z interfejsem 05:20<\/li>\n<li>Utworzenie diagramu sekwencji 06:10<\/li>\n<li>Dodawanie komponent\u00f3w na diagram sekwencji 06:50<\/li>\n<li>Dodanie elementu fragment 07:50<\/li>\n<\/ol>\n<\/li>\n<li><strong>Zwinne modelowanie<\/strong>\n<ol>\n<li>Dodawanie diagramu project management 00:30\n<ol>\n<li>Epic<\/li>\n<li>User stories<\/li>\n<li>Task<\/li>\n<\/ol>\n<\/li>\n<li>W\u0142asno\u015bci elementu epic, task 02:40<\/li>\n<li>Dodanie diagramu roadmap 03:20<\/li>\n<li>Diagram kanban 06:00<\/li>\n<\/ol>\n<\/li>\n<li><strong>S\u0142ownik poj\u0119\u0107 w Enterprise Architect<\/strong>\n<ol>\n<li>Stary s\u0142ownik 00:10<\/li>\n<li>Dodanie diagramu Glossary 00:40<\/li>\n<li>Dodawanie kategorii\/grupy poj\u0119\u0107 01:00<\/li>\n<li>Dodawanie poj\u0119\u0107 wraz z definicjami 01:30<\/li>\n<li>Rozpoznawanie definicji podczas opisu element\u00f3w 04:00<\/li>\n<\/ol>\n<\/li>\n<li><strong>Wykresy, checklisty i wyszukiwanie<\/strong>\n<ol>\n<li>Wyszukiwanie element\u00f3w 00:15<\/li>\n<li>Wyszukiwanie za pomoc\u0105 SQL 02:50<\/li>\n<li>Wykresy Pie 03:40<\/li>\n<li>Wykres zmian w czasie 05:30<\/li>\n<li>Checklista 07:50<\/li>\n<\/ol>\n<\/li>\n<li><strong>Zarz\u0105dzanie zmian\u0105<\/strong>\n<ol>\n<li>Klonowanie struktur repozytorium 01:00<\/li>\n<li>Wersjonowanie element\u00f3w (klonowanie) 02:00<\/li>\n<li>Opis zmian \u2013 widok Maintenance 03:50<\/li>\n<li>Klonowanie diagramu 04:40<\/li>\n<li>Baseline 07:20<\/li>\n<li>Baseline \u2013 por\u00f3wnanie zmian na diagramach 09:45<\/li>\n<li>Przywracanie\u00a0 zamro\u017conego widoku 10:25<\/li>\n<li>Audyt 11:00<\/li>\n<li>Audyt w Enterprise Architect 16 12:40<\/li>\n<\/ol>\n<\/li>\n<li><strong>Eksport i import modeli<\/strong>\n<ol>\n<li>Eksport modelu 00:30<\/li>\n<li>Import modelu 01:25<\/li>\n<li>Synchronizacja modeli 02:45<\/li>\n<li>Import i export w natywnym formacie XEA (EA16) 05:20<\/li>\n<\/ol>\n<\/li>\n<li><strong>Praca grupowa<\/strong>\n<ol>\n<li>Odblokowanie pracy grupowej 00:40<\/li>\n<li>Dodawanie u\u017cytkownik\u00f3w 01:25<\/li>\n<li>Zmiana na wsp\u00f3lnym repozytorium bez blokad 04:35<\/li>\n<li>Opcja Lock \u2013 czyli jedna osoba edytuje 05:20<\/li>\n<li>Wymuszenie blokady repozytorium 08:00<\/li>\n<li>\u0141\u0105czenie element\u00f3w z zablokowanych pakiet\u00f3w 09:10<\/li>\n<li>Od\u015bwie\u017canie diagram\u00f3w przy pracy grupowej 09:50<\/li>\n<li>Usuni\u0119cie blokad przez administratora 10:50<\/li>\n<li>Nowe uprawnienia u\u017cytkownik\u00f3w \u2013 blokoada kasowania element\u00f3w (EA16) 12:05<\/li>\n<\/ol>\n<\/li>\n<li><strong>Komentarze i przegl\u0105d modeli<\/strong>\n<ol>\n<li>Dyskusja nad elementami 00:20<\/li>\n<li>Przegl\u0105d modeli 02:40<\/li>\n<li>Dodanie element\u00f3w do przegl\u0105du 03:30<\/li>\n<li>Rozpocz\u0119cie przegl\u0105du\u00a0 \u2013 dodawanie akceptuj\u0105cych 04:50<\/li>\n<li>Przegl\u0105d artefakt\u00f3w 6:20<\/li>\n<li>Wysy\u0142anie powiadomie\u0144 wewn\u0119trznych 07:50<\/li>\n<li>Akceptacja artefakt\u00f3w 08:30<\/li>\n<li>Odebranie powiadomienia 09:35<\/li>\n<li>Zako\u0144czenie przegl\u0105du 11:30<\/li>\n<\/ol>\n<\/li>\n<li><strong>Pro Cloud Server<\/strong>\n<ol>\n<li>Konfigurowanie EA do pracy w chmurze 00:20<\/li>\n<li>Uruchomienie WEBEA 01:00<\/li>\n<li>Przegl\u0105d diagram\u00f3w 01:50<\/li>\n<li>Dyskusja na modelach 02:20<\/li>\n<li>Dodawanie opis\u00f3w element\u00f3w 03:10<\/li>\n<li>Dodawanie link\u00f3w pomi\u0119dzy diagramami (Navigation Cell) 03:52<\/li>\n<li>Przegl\u0105dy diagram\u00f3w Review 05:00<\/li>\n<li>Widoczno\u015b\u0107 element\u00f3w opisuj\u0105cych elementy 05:20<\/li>\n<li>Wyszukiwanie element\u00f3w 06:10<\/li>\n<li>Macierze 07:00<\/li>\n<li>Linki bezpo\u015brednie do modeli 7:00<\/li>\n<\/ol>\n<\/li>\n<li><strong>Prolaborate integracja z Confluence i Jira:<\/strong>\n<ol>\n<li>Publikacja diagramu w Confluence (iframe) 00:10<\/li>\n<li>Nawigacja na diagramach opublikowanych w Confluence 01:45<\/li>\n<li>Publikacja diagramu w Confluence (macro) 03:45<\/li>\n<li>Integracja z Jira (istniej\u0105ce zadanie) 06:00<\/li>\n<li>Dodanie nowego wpisu do Jira z poziomu Prolaborate 07:30<\/li>\n<li>Widoczno\u015b\u0107 zada\u0144 z Jira w Enterprise Architect 08:30<\/li>\n<\/ol>\n<\/li>\n<li><strong>Przydatne funkcje cz. 1<\/strong>\n<ol>\n<li>Zamra\u017canie relacji 00:50<\/li>\n<li>Grupowanie element\u00f3w 02:00<\/li>\n<li>Znaczniki \u2013 bookmarks 02:40<\/li>\n<li>Dokumentacja w wielu j\u0119zykach 03:45<\/li>\n<li>Warstwy i filtry 04:50<\/li>\n<li>Mapowanie atrybut\u00f3w wraz z macierz\u0105 Feature Matrix 06:10<\/li>\n<\/ol>\n<\/li>\n<li><strong>Przydatne funkcje cz. 2<\/strong>\n<ol>\n<li>Wy\u0142\u0105czanie stereotyp\u00f3w w Browser 00:10<\/li>\n<li>Dark mode 00:58<\/li>\n<li>Custom diagram 01:50<\/li>\n<li>Automatyczne kolorowanie element\u00f3w na bazie legendy 04:45<\/li>\n<li>Dodawanie element\u00f3w na diagram z okien wyszukiwania i traceability 06:35<\/li>\n<li>Dodawanie element\u00f3w na diagram z MS Word 07:50<\/li>\n<\/ol>\n<\/li>\n<li><strong>Przydatne funkcje cz. 3 (EA16)<\/strong>\n<ol>\n<li>Automatyczne od\u015bwie\u017canie diagram\u00f3w 00:10<\/li>\n<li>Warstwy element\u00f3w na diagramie 01:50<\/li>\n<li>Statusy, priorytety i ikony 02:30<\/li>\n<li>Okno Inspector 03:15<\/li>\n<li>Dziennik \u2013 notatki do element\u00f3w 05:00<\/li>\n<\/ol>\n<\/li>\n<li><strong>Przydatne funkcje cz. 4 (EA16)<\/strong>\n<ol>\n<li>Autonumerowanie z wykorzystaniem stereotypu i aliasu 00:20<\/li>\n<li>Wy\u015bwietlanie na diagramie alias\u00f3w i nazw element\u00f3w 05:00<\/li>\n<li>Nadawanie numer\u00f3w do ju\u017c istniej\u0105cych element\u00f3w 05:40<\/li>\n<li>Pod\u015bwietlanie relacji 07:00<\/li>\n<li>Porz\u0105dkowanie automatyczne relacji 07:50<\/li>\n<li>Porz\u0105dkowanie manualne relacji 08:00<\/li>\n<li>Domy\u015blne style relacji na diagramie 08:45<\/li>\n<li>Kopiowanie stylu relacji na diagramie 09:45<\/li>\n<li>Tryb prezentacji na diagramach 10:20<\/li>\n<\/ol>\n<\/li>\n<li><strong>Kompletny przyk\u0142ad zamodelowany w EA 14<\/strong><\/li>\n<\/ol>\n<\/li>\n<\/ol>\n<\/li>\n<\/ol>\n<div class=\"elementor-element elementor-element-7d453f7e elementor-widget elementor-widget-heading\" data-id=\"7d453f7e\" data-element_type=\"widget\" data-widget_type=\"heading.default\">\n<div class=\"elementor-widget-container\">\n<h2 class=\"elementor-heading-title elementor-size-default\">Cena kursu zawiera:<\/h2>\n<\/div>\n<\/div>\n<div class=\"elementor-element elementor-element-3e47f267 elementor-widget elementor-widget-text-editor\" data-id=\"3e47f267\" data-element_type=\"widget\" data-widget_type=\"text-editor.default\">\n<div class=\"elementor-widget-container\">\n<ul>\n<li><strong>27 logicznie powi\u0105zanych modu\u0142\u00f3w<\/strong>, w kt\u00f3rych omawiam funkcje Enterprise Architect;<\/li>\n<li>ponad <strong>5 godzin nagra\u0144 video<\/strong>, w sk\u0142ad kt\u00f3rych wchodz\u0105 tutoriale z praktycznego wykorzystania Enterprise Architect;<\/li>\n<li>pokazuj\u0119 ponad <strong>150 funkcji Enterprise Architect<\/strong>;<\/li>\n<li>W kursie zebra\u0142em dodatkowo\u00a0<b>najcz\u0119\u015bciej wykorzystywane techniki raportowania<\/b> w Enterprise Architect. Materia\u0142 tylko dotycz\u0105cy raportowania liczy 90 minut<\/li>\n<li>Prezentowane funkcje dotycz\u0105\u00a0<b>Enterprise Architect 15, Enterprise Architect 16, Enterprise Architect 17<\/b><\/li>\n<li><strong>dost\u0119p online<\/strong>\u00a0\u2013 kurs jest dost\u0119pny na specjalnej platformie, do kt\u00f3rej otrzymujesz login i has\u0142o;<\/li>\n<li>uczysz si\u0119, gdzie chcesz i kiedy chcesz\u00a0\u2013 wszystkie materia\u0142y (opr\u00f3cz film\u00f3w) mo\u017cesz pobra\u0107 na komputer, telefon, tablet, aby m\u00f3c uczy\u0107 si\u0119 z dowolnego miejsca;<\/li>\n<li>otrzymujesz\u00a0<strong>dost\u0119p do kursu\u00a0na minimum jeden rok od zakupu<\/strong>\u2013 kurs kupujesz raz, korzystasz z nagranych film\u00f3w wielokrotnie;<\/li>\n<li>dost\u0119p do wszystkich lekcji\u00a0od razu, tak by mo\u017cna by\u0142o zaplanowa\u0107 czas na nauk\u0119;<\/li>\n<\/ul>\n<\/div>\n<\/div>\n<p>Dost\u0119p do kursu na minimum jeden rok od daty zakupu, otrzymujesz automatycznie po zaksi\u0119gowaniu wp\u0142aty.\u00a0 <strong>W zakresie tego produktu nie ma konsultacji.\u00a0<\/strong><\/p>\n","protected":false},"excerpt":{"rendered":"<p>Internetowy kurs z Enterprise Architect jest kierowany do os\u00f3b, kt\u00f3re: buduj\u0105 dokumentacj\u0119 w Enterprise Architect; wytwarzaj\u0105 systemy informatyczne; potrzebuj\u0105 wiedzy, jak w praktyce stosuj\u0119 notacj\u0119 UML, BPMN, ArchiMate; pos\u0142uguj\u0105 si\u0119 lub chcia\u0142by si\u0119 pos\u0142ugiwa\u0107 Enterprise Architect Sparx Systems chc\u0105 w spos\u00f3b zwinny podej\u015b\u0107 do tematu dokumentowania oprogramowania; s\u0105 analitykami biznesowymi lub systemowymi; szukaj\u0105 mo\u017cliwo\u015bci wykorzystania [&hellip;]<\/p>\n","protected":false},"featured_media":961,"template":"","meta":{"_seopress_robots_primary_cat":"none","_seopress_titles_title":"Internetowy kurs z Enterprise Architect | Micha\u0142 Wolski","_seopress_titles_desc":"Internetowy kurs z Enterprise Architect to praktyczne lekcje wideo. Opanuj modelowanie UML i BPMN, prac\u0119 grupow\u0105. Poznaj ciekawe i u\u017cyteczne funkcje Enterprise Architect Sparx Systems.","_seopress_robots_index":"","site-sidebar-layout":"default","site-content-layout":"default","ast-site-content-layout":"default","site-content-style":"default","site-sidebar-style":"default","ast-global-header-display":"","ast-banner-title-visibility":"","ast-main-header-display":"","ast-hfb-above-header-display":"","ast-hfb-below-header-display":"","ast-hfb-mobile-header-display":"","site-post-title":"","ast-breadcrumbs-content":"","ast-featured-img":"","footer-sml-layout":"","ast-disable-related-posts":"","theme-transparent-header-meta":"default","adv-header-id-meta":"","stick-header-meta":"","header-above-stick-meta":"","header-main-stick-meta":"","header-below-stick-meta":"","astra-migrate-meta-layouts":"set","ast-page-background-enabled":"default","ast-page-background-meta":{"desktop":{"background-color":"","background-image":"","background-repeat":"repeat","background-position":"center center","background-size":"auto","background-attachment":"scroll","background-type":"","background-media":"","overlay-type":"","overlay-color":"","overlay-opacity":"","overlay-gradient":""},"tablet":{"background-color":"","background-image":"","background-repeat":"repeat","background-position":"center center","background-size":"auto","background-attachment":"scroll","background-type":"","background-media":"","overlay-type":"","overlay-color":"","overlay-opacity":"","overlay-gradient":""},"mobile":{"background-color":"","background-image":"","background-repeat":"repeat","background-position":"center center","background-size":"auto","background-attachment":"scroll","background-type":"","background-media":"","overlay-type":"","overlay-color":"","overlay-opacity":"","overlay-gradient":""}},"ast-content-background-meta":{"desktop":{"background-color":"var(--ast-global-color-5)","background-image":"","background-repeat":"repeat","background-position":"center center","background-size":"auto","background-attachment":"scroll","background-type":"","background-media":"","overlay-type":"","overlay-color":"","overlay-opacity":"","overlay-gradient":""},"tablet":{"background-color":"var(--ast-global-color-5)","background-image":"","background-repeat":"repeat","background-position":"center center","background-size":"auto","background-attachment":"scroll","background-type":"","background-media":"","overlay-type":"","overlay-color":"","overlay-opacity":"","overlay-gradient":""},"mobile":{"background-color":"var(--ast-global-color-5)","background-image":"","background-repeat":"repeat","background-position":"center center","background-size":"auto","background-attachment":"scroll","background-type":"","background-media":"","overlay-type":"","overlay-color":"","overlay-opacity":"","overlay-gradient":""}}},"product_brand":[],"product_cat":[62,23,51],"product_tag":[],"class_list":{"0":"post-15033","1":"product","2":"type-product","3":"status-publish","4":"has-post-thumbnail","6":"product_cat-enterprise-architect","7":"product_cat-kursy-internetowe","8":"product_cat-platne","9":"desktop-align-left","10":"tablet-align-left","11":"mobile-align-left","12":"ast-product-gallery-layout-horizontal","13":"ast-product-gallery-with-no-image","14":"ast-magnify-disabled","15":"ast-product-tabs-layout-horizontal","17":"first","18":"instock","19":"sale","20":"downloadable","21":"virtual","22":"sold-individually","23":"taxable","24":"purchasable","25":"product-type-simple"},"_links":{"self":[{"href":"https:\/\/wolski.pro\/kursy\/wp-json\/wp\/v2\/product\/15033","targetHints":{"allow":["GET"]}}],"collection":[{"href":"https:\/\/wolski.pro\/kursy\/wp-json\/wp\/v2\/product"}],"about":[{"href":"https:\/\/wolski.pro\/kursy\/wp-json\/wp\/v2\/types\/product"}],"wp:featuredmedia":[{"embeddable":true,"href":"https:\/\/wolski.pro\/kursy\/wp-json\/wp\/v2\/media\/961"}],"wp:attachment":[{"href":"https:\/\/wolski.pro\/kursy\/wp-json\/wp\/v2\/media?parent=15033"}],"wp:term":[{"taxonomy":"product_brand","embeddable":true,"href":"https:\/\/wolski.pro\/kursy\/wp-json\/wp\/v2\/product_brand?post=15033"},{"taxonomy":"product_cat","embeddable":true,"href":"https:\/\/wolski.pro\/kursy\/wp-json\/wp\/v2\/product_cat?post=15033"},{"taxonomy":"product_tag","embeddable":true,"href":"https:\/\/wolski.pro\/kursy\/wp-json\/wp\/v2\/product_tag?post=15033"}],"curies":[{"name":"wp","href":"https:\/\/api.w.org\/{rel}","templated":true}]}}