{"id":28147,"date":"2024-09-17T17:17:38","date_gmt":"2024-09-17T15:17:38","guid":{"rendered":"https:\/\/wolski.pro\/kursy\/?post_type=product&#038;p=28147"},"modified":"2026-03-07T15:12:21","modified_gmt":"2026-03-07T14:12:21","slug":"internetowy-kurs-bpmn-praktycznie","status":"publish","type":"product","link":"https:\/\/wolski.pro\/kursy\/produkt\/internetowy-kurs-bpmn-praktycznie\/","title":{"rendered":"Internetowy kurs &#8211; BPMN praktycznie"},"content":{"rendered":"<p>Kurs internetowy dotycz\u0105cy modelowania w notacji BPMN. Na kurs sk\u0142ada si\u0119 szereg prezentacji i film\u00f3w instrukta\u017cowych z prezentacj\u0105 praktycznego przygotowania modeli. Na kursie skupiam si\u0119 na najwa\u017cniejszych elementach notacji BPMN. Sprawdzanie zada\u0144 mo\u017cna dokupi\u0107 oddzielnie: <a href=\"https:\/\/wolski.pro\/kursy\/produkt\/sprawdzanie-zadan-z-internetowych-kursow\/\">Sprawdzanie zada\u0144 z kurs\u00f3w<\/a><\/p>\n<div class=\"elementor-element elementor-element-6410571d elementor-widget elementor-widget-heading\" data-id=\"6410571d\" data-element_type=\"widget\" data-widget_type=\"heading.default\">\n<div class=\"elementor-widget-container\">\n<h1 class=\"vc_custom_heading vc_custom_1523378658727\">Internetowy kurs &#8211; BPMN praktycznie jest kierowany do os\u00f3b, kt\u00f3re:<\/h1>\n<\/div>\n<\/div>\n<div class=\"elementor-element elementor-element-42e4493b elementor-widget elementor-widget-text-editor\" data-id=\"42e4493b\" data-element_type=\"widget\" data-widget_type=\"text-editor.default\">\n<div class=\"elementor-widget-container\">\n<ul>\n<li>tworz\u0105 wymagania biznesowe i wymagania na system;<\/li>\n<li>chc\u0105 pozna\u0107 znaczenie symboli j\u0119zyka BPMN (Business Process Model and Notation);<\/li>\n<li>potrzebuj\u0105 pozna\u0107 praktyczn\u0105 stron\u0119 j\u0119zyka BPMN;<\/li>\n<li>b\u0119d\u0105 opisywa\u0107 procesy biznesowe;<\/li>\n<li>chc\u0105 pozna\u0107 zasady analizy biznesowej;<\/li>\n<li>kt\u00f3rych zakres obowi\u0105zk\u00f3w obejmuje tworzenie proces\u00f3w biznesowych i opiek\u0119 nad nimi;<\/li>\n<li>s\u0105 lub planuj\u0105 by\u0107 analitykami pracuj\u0105cymi po stronie dostawc\u00f3w rozwi\u0105za\u0144, jak i ich klient\u00f3w;<\/li>\n<li>bior\u0105 udzia\u0142 w procesie integracji system\u00f3w informatycznych i chc\u0105 umie\u0107 narysowa\u0107 zasady integracji system\u00f3w bez wchodzenia w techniczne szczeg\u00f3\u0142y;<\/li>\n<li>reprezentuj\u0105c Zamawiaj\u0105cego system, otrzymuj\u0105 od Dostawcy systemu diagramy BPMN;<\/li>\n<li>chc\u0105 poprawi\u0107 swoje kompetencje poprzez realizacj\u0119 praktycznych \u0107wicze\u0144;<\/li>\n<li>chc\u0105 nauczy\u0107 si\u0119 czyta\u0107 diagramy BPMN;<\/li>\n<\/ul>\n<p><strong>Je\u015bli czujesz, \u017ce znajomo\u015b\u0107 zasad analizy i modelowanie proces\u00f3w biznesowych oraz\u00a0 notacji BPMN u\u0142atwi Twoj\u0105 prac\u0119 \u2013 nie zwlekaj. Skorzystaj z kursu.<\/strong><\/p>\n<\/div>\n<\/div>\n<h2>Zawarto\u015b\u0107 kursu<\/h2>\n<p style=\"margin: 0in; font-size: 13.5pt; color: #495060;\"><span style=\"font-weight: bold; font-family: -apple-system;\">Modu\u0142 0<\/span><span style=\"font-family: -apple-system;\">.Po<\/span><span style=\"font-family: Calibri;\">witanie<\/span><\/p>\n<p style=\"margin: 0in; font-family: -apple-system; font-size: 13.5pt; color: #495060;\"><span style=\"font-weight: bold;\">Modu\u0142 1<\/span>. Czym jest analiza biznesowa?<\/p>\n<p style=\"margin: 0in; font-family: -apple-system; font-size: 13.5pt; color: #495060;\"><span style=\"font-weight: bold;\">Modu\u0142 2<\/span>. Czym jest proces biznesowy?<\/p>\n<p style=\"margin: 0in; font-size: 13.5pt; color: #495060;\"><span style=\"font-weight: bold; font-family: -apple-system;\">Modu\u0142 3<\/span><span style=\"font-family: -apple-system;\">. Wst\u0119p do notacji BPMN<\/span><\/p>\n<p style=\"margin: 0in; font-size: 13.5pt; color: #495060;\"><span style=\"font-weight: bold; font-family: -apple-system;\">Modu\u0142 4<\/span><span style=\"font-family: -apple-system;\">. Bramki w BPMN<\/span><\/p>\n<p style=\"margin: 0in; font-size: 13.5pt; color: #495060;\"><span style=\"font-weight: bold; font-family: -apple-system;\">Modu\u0142 5<\/span><span style=\"font-family: -apple-system;\">. Podprocesy i \u201csuper zadania\u201d<\/span><\/p>\n<p style=\"margin: 0in; font-size: 13.5pt; color: #495060;\"><span style=\"font-weight: bold; font-family: -apple-system;\">Modu\u0142 6<\/span><span style=\"font-family: -apple-system;\">. Uczestnicy procesu w BPMN<\/span><\/p>\n<p style=\"margin: 0in; font-size: 13.5pt; color: #495060;\"><span style=\"font-weight: bold; font-family: -apple-system;\">Modu\u0142 7<\/span><span style=\"font-family: -apple-system;\">.Procesy systemowe w BPMN<\/span><\/p>\n<p style=\"margin: 0in; font-size: 13.5pt; color: #495060;\"><span style=\"font-weight: bold; font-family: -apple-system;\">Modu\u0142 8<\/span><span style=\"font-family: -apple-system;\">. Obiekty danych <\/span><\/p>\n<p style=\"margin: 0in; font-family: -apple-system; font-size: 13.5pt; color: #495060;\"><span style=\"font-weight: bold;\">Modu\u0142 9<\/span>. Zak\u0142adanie i otwieranie repozytorium \u2013 BPMN w EA<\/p>\n<p style=\"margin: 0in; font-size: 13.5pt; color: #495060;\"><span style=\"font-weight: bold; font-family: -apple-system;\">Modu\u0142 10<\/span><span style=\"font-family: -apple-system;\">. Pakiety i elementy \u2013 BPMN w EA<\/span><\/p>\n<p style=\"margin: 0in; font-size: 13.5pt; color: #495060;\"><span style=\"font-weight: bold; font-family: -apple-system;\">Modu\u0142 11<\/span><span style=\"font-family: -apple-system;\">. Struktura repozytorium \u2013 BPMN w EA<\/span><\/p>\n<p style=\"margin: 0in; font-size: 13.5pt; color: #495060;\"><span style=\"font-weight: bold; font-family: -apple-system;\">Modu\u0142 1<\/span><span style=\"font-weight: bold; font-family: Calibri;\">2<\/span><span style=\"font-family: -apple-system;\">. Opis zagadnienia \u2013 BPMN w praktyce<\/span><\/p>\n<p style=\"margin: 0in; font-size: 13.5pt; color: #495060;\"><span style=\"font-weight: bold; font-family: -apple-system;\">Modu\u0142 1<\/span><span style=\"font-weight: bold; font-family: Calibri;\">3<\/span><span style=\"font-family: -apple-system;\">. Model opisuj\u0105cy stan obecny \u2013 BPMN w praktyce<\/span><\/p>\n<p style=\"margin: 0in; font-size: 13.5pt; color: #495060;\"><span style=\"font-weight: bold; font-family: -apple-system;\">Modu\u0142 1<\/span><span style=\"font-weight: bold; font-family: Calibri;\">4<\/span><span style=\"font-family: -apple-system;\">. Cel i wymagania biznesowe \u2013 BPMN w praktyce<\/span><\/p>\n<p style=\"margin: 0in; font-size: 13.5pt; color: #495060;\"><span style=\"font-weight: bold; font-family: -apple-system;\">Modu\u0142 1<\/span><span style=\"font-weight: bold; font-family: Calibri;\">5<\/span><span style=\"font-family: -apple-system;\">. Model opisuj\u0105cy stan docelowy \u2013 BPMN w praktyce<br \/>\n<\/span><\/p>\n<p style=\"margin: 0in; font-size: 13.5pt; color: #495060;\"><span style=\"font-weight: bold; font-family: -apple-system;\">Modu\u0142 1<\/span><span style=\"font-weight: bold; font-family: Calibri;\">6<\/span><span style=\"font-family: -apple-system;\">. Klasyczne uszczeg\u00f3\u0142awianie procesu biznesowego \u2013 BPMN w praktyce<br \/>\n<\/span><\/p>\n<p style=\"margin: 0in; font-size: 13.5pt; color: #495060;\"><span style=\"font-weight: bold; font-family: -apple-system;\">Modu\u0142 1<\/span><span style=\"font-weight: bold; font-family: Calibri;\">7<\/span><span style=\"font-family: -apple-system;\">. Zwinne uszczeg\u00f3\u0142owienie procesu biznesowego \u2013 BPMN w praktyce<\/span><\/p>\n<p style=\"margin: 0in; font-size: 13.5pt; color: #495060;\"><span style=\"font-weight: bold; font-family: -apple-system;\">Modu\u0142 1<\/span><span style=\"font-weight: bold; font-family: Calibri;\">8<\/span><span style=\"font-family: -apple-system;\">. BPMN praktycznie \u2013 zadania<\/span><\/p>\n<p style=\"margin: 0in; font-size: 13.5pt; color: #495060;\"><span style=\"font-weight: bold; font-family: -apple-system;\">Modu\u0142 1<\/span><span style=\"font-weight: bold; font-family: Calibri;\">9<\/span><span style=\"font-family: -apple-system;\">. <\/span><span style=\"font-family: Calibri;\">Zako\u0144czenie<\/span><\/p>\n<p>&nbsp;<\/p>\n<p><strong>W cenie otrzymujesz:<\/strong><\/p>\n<ul>\n<li style=\"list-style-type: none;\">\n<ul>\n<li><strong>ponad 18 lekcji<\/strong>, w kt\u00f3rych sk\u0142ad wchodz\u0105 prezentacje oraz tutoriale z wyja\u015bniaj\u0105ce notacj\u0119 BPMN oraz praktycznego wykorzystania Enterprise Architect;<\/li>\n<li>do lekcji\u00a0<strong>otrzymujesz \u0107wiczenia<\/strong>, kt\u00f3re pomog\u0105 Ci zastosowa\u0107 omawiane zagadnienia w praktyce;<\/li>\n<li><strong>uczysz si\u0119, gdzie chcesz i kiedy chcesz<\/strong>\u00a0\u2013 wystarczy dost\u0119p do Internetu, aby m\u00f3c uczy\u0107 si\u0119 z dowolnego miejsca;<\/li>\n<li><strong>dost\u0119p online<\/strong>\u00a0\u2013 kurs jest dost\u0119pny na specjalnej platformie, do kt\u00f3rej otrzymujesz login i has\u0142o;<\/li>\n<li><strong>uczysz si\u0119, gdzie chcesz i kiedy chcesz<\/strong>\u00a0\u2013 wszystkie materia\u0142y (opr\u00f3cz film\u00f3w) mo\u017cesz pobra\u0107 na komputer, telefon, tablet, aby m\u00f3c uczy\u0107 si\u0119 z dowolnego miejsca;<\/li>\n<li>masz <strong>dost\u0119p do kursu<\/strong>\u00a0minimum przez jeden rok \u2013 kurs kupujesz raz, korzystasz z nagranych film\u00f3w wielokrotnie;<\/li>\n<li><strong>dost\u0119p do wszystkich lekcji<\/strong>\u00a0od razu, tak by mo\u017cna by\u0142o zaplanowa\u0107 czas na nauk\u0119;<\/li>\n<\/ul>\n<\/li>\n<\/ul>\n<p>Dost\u0119p do kursu na minimum jeden rok od daty zakupu, otrzymujesz automatycznie po zaksi\u0119gowaniu wp\u0142aty i <strong>w zakresie tego produktu nie ma sprawdzania zada\u0144.<\/strong> By zadania zosta\u0142y sprawdzone okresowo mo\u017cna dokupi\u0107: <a href=\"https:\/\/wolski.pro\/kursy\/produkt\/sprawdzanie-zadan-z-internetowych-kursow\/\">Sprawdzanie zada\u0144 z kurs\u00f3w<\/a><\/p>\n","protected":false},"excerpt":{"rendered":"<p>Kurs internetowy dotycz\u0105cy modelowania w notacji BPMN. Na kurs sk\u0142ada si\u0119 szereg prezentacji i film\u00f3w instrukta\u017cowych z prezentacj\u0105 praktycznego przygotowania modeli. Na kursie skupiam si\u0119 na najwa\u017cniejszych elementach notacji BPMN. Sprawdzanie zada\u0144 mo\u017cna dokupi\u0107 oddzielnie: Sprawdzanie zada\u0144 z kurs\u00f3w Internetowy kurs &#8211; BPMN praktycznie jest kierowany do os\u00f3b, kt\u00f3re: tworz\u0105 wymagania biznesowe i wymagania na [&hellip;]<\/p>\n","protected":false},"featured_media":961,"template":"","meta":{"_seopress_robots_primary_cat":"none","_seopress_titles_title":"Internetowy kurs - BPMN praktycznie | Micha\u0142 Wolski","_seopress_titles_desc":"Kurs online z modelowania w notacji BPMN. Opanuj procesy biznesowe, bramki i podprocesy. Praktyczne lekcje wideo z narz\u0119dziem Enterprise Architect.","_seopress_robots_index":"","site-sidebar-layout":"default","site-content-layout":"","ast-site-content-layout":"default","site-content-style":"default","site-sidebar-style":"default","ast-global-header-display":"","ast-banner-title-visibility":"","ast-main-header-display":"","ast-hfb-above-header-display":"","ast-hfb-below-header-display":"","ast-hfb-mobile-header-display":"","site-post-title":"","ast-breadcrumbs-content":"","ast-featured-img":"","footer-sml-layout":"","ast-disable-related-posts":"","theme-transparent-header-meta":"default","adv-header-id-meta":"","stick-header-meta":"","header-above-stick-meta":"","header-main-stick-meta":"","header-below-stick-meta":"","astra-migrate-meta-layouts":"set","ast-page-background-enabled":"default","ast-page-background-meta":{"desktop":{"background-color":"","background-image":"","background-repeat":"repeat","background-position":"center center","background-size":"auto","background-attachment":"scroll","background-type":"","background-media":"","overlay-type":"","overlay-color":"","overlay-opacity":"","overlay-gradient":""},"tablet":{"background-color":"","background-image":"","background-repeat":"repeat","background-position":"center center","background-size":"auto","background-attachment":"scroll","background-type":"","background-media":"","overlay-type":"","overlay-color":"","overlay-opacity":"","overlay-gradient":""},"mobile":{"background-color":"","background-image":"","background-repeat":"repeat","background-position":"center center","background-size":"auto","background-attachment":"scroll","background-type":"","background-media":"","overlay-type":"","overlay-color":"","overlay-opacity":"","overlay-gradient":""}},"ast-content-background-meta":{"desktop":{"background-color":"var(--ast-global-color-5)","background-image":"","background-repeat":"repeat","background-position":"center center","background-size":"auto","background-attachment":"scroll","background-type":"","background-media":"","overlay-type":"","overlay-color":"","overlay-opacity":"","overlay-gradient":""},"tablet":{"background-color":"var(--ast-global-color-5)","background-image":"","background-repeat":"repeat","background-position":"center center","background-size":"auto","background-attachment":"scroll","background-type":"","background-media":"","overlay-type":"","overlay-color":"","overlay-opacity":"","overlay-gradient":""},"mobile":{"background-color":"var(--ast-global-color-5)","background-image":"","background-repeat":"repeat","background-position":"center center","background-size":"auto","background-attachment":"scroll","background-type":"","background-media":"","overlay-type":"","overlay-color":"","overlay-opacity":"","overlay-gradient":""}}},"product_brand":[],"product_cat":[23,51],"product_tag":[],"class_list":{"0":"post-28147","1":"product","2":"type-product","3":"status-publish","4":"has-post-thumbnail","6":"product_cat-kursy-internetowe","7":"product_cat-platne","8":"desktop-align-left","9":"tablet-align-left","10":"mobile-align-left","11":"ast-product-gallery-layout-horizontal","12":"ast-product-gallery-with-no-image","13":"ast-magnify-disabled","14":"ast-product-tabs-layout-horizontal","16":"first","17":"instock","18":"downloadable","19":"virtual","20":"sold-individually","21":"taxable","22":"purchasable","23":"product-type-simple"},"_links":{"self":[{"href":"https:\/\/wolski.pro\/kursy\/wp-json\/wp\/v2\/product\/28147","targetHints":{"allow":["GET"]}}],"collection":[{"href":"https:\/\/wolski.pro\/kursy\/wp-json\/wp\/v2\/product"}],"about":[{"href":"https:\/\/wolski.pro\/kursy\/wp-json\/wp\/v2\/types\/product"}],"wp:featuredmedia":[{"embeddable":true,"href":"https:\/\/wolski.pro\/kursy\/wp-json\/wp\/v2\/media\/961"}],"wp:attachment":[{"href":"https:\/\/wolski.pro\/kursy\/wp-json\/wp\/v2\/media?parent=28147"}],"wp:term":[{"taxonomy":"product_brand","embeddable":true,"href":"https:\/\/wolski.pro\/kursy\/wp-json\/wp\/v2\/product_brand?post=28147"},{"taxonomy":"product_cat","embeddable":true,"href":"https:\/\/wolski.pro\/kursy\/wp-json\/wp\/v2\/product_cat?post=28147"},{"taxonomy":"product_tag","embeddable":true,"href":"https:\/\/wolski.pro\/kursy\/wp-json\/wp\/v2\/product_tag?post=28147"}],"curies":[{"name":"wp","href":"https:\/\/api.w.org\/{rel}","templated":true}]}}