{"id":28150,"date":"2024-09-17T17:23:14","date_gmt":"2024-09-17T15:23:14","guid":{"rendered":"https:\/\/wolski.pro\/kursy\/?post_type=product&#038;p=28150"},"modified":"2026-03-07T15:11:59","modified_gmt":"2026-03-07T14:11:59","slug":"internetowy-kurs-uml-praktycznie","status":"publish","type":"product","link":"https:\/\/wolski.pro\/kursy\/produkt\/internetowy-kurs-uml-praktycznie\/","title":{"rendered":"Internetowy kurs &#8211; UML praktycznie"},"content":{"rendered":"<p>Kurs internetowy dotycz\u0105cy modelowania w j\u0119zyku UML. Na kurs sk\u0142ada si\u0119 szereg prezentacji i film\u00f3w instrukta\u017cowych z prezentacj\u0105 praktycznego przygotowania modeli. Na kursie skupiam si\u0119 na najwa\u017cniejszych diagramach UML.\u00a0 Sprawdzanie zada\u0144 mo\u017cna dokupi\u0107 oddzielnie: <a href=\"https:\/\/wolski.pro\/kursy\/produkt\/sprawdzanie-zadan-z-internetowych-kursow\/\">Sprawdzanie zada\u0144 z kurs\u00f3w<\/a><\/p>\n<div class=\"elementor-element elementor-element-76c8d369 elementor-widget elementor-widget-heading\" data-id=\"76c8d369\" data-element_type=\"widget\" data-widget_type=\"heading.default\">\n<div class=\"elementor-widget-container\">\n<h1 class=\"vc_custom_heading vc_custom_1523378658727\">Internetowy kurs &#8220;UML praktycznie&#8221; jest kierowany do os\u00f3b, kt\u00f3re:<\/h1>\n<\/div>\n<\/div>\n<div class=\"elementor-element elementor-element-253209af elementor-widget elementor-widget-text-editor\" data-id=\"253209af\" data-element_type=\"widget\" data-widget_type=\"text-editor.default\">\n<div class=\"elementor-widget-container\">\n<ul>\n<li>tworz\u0105 przypadki u\u017cycia;<\/li>\n<li>chc\u0105 pozna\u0107 znaczenie symboli j\u0119zyka UML (Unified Modeling Language);<\/li>\n<li>potrzebuj\u0105 wiedzy jak w praktyce stosuj\u0119 notacj\u0119 UML;<\/li>\n<li>zastanawiaj\u0105 si\u0119 nad przydatno\u015bci\u0105 diagram\u00f3w UML;<\/li>\n<li>b\u0119d\u0105 tworzy\u0107 architektur\u0119 rozwi\u0105zania;<\/li>\n<li>wsp\u00f3\u0142tworz\u0105 modele opisuj\u0105ce dane, chc\u0105 pozna\u0107 znaczenie i zastosowania relacji, kt\u00f3rych u\u017cywam w UML;<\/li>\n<li>bior\u0105 udzia\u0142 w procesie integracji system\u00f3w informatycznych;<\/li>\n<li>reprezentuj\u0105c Zamawiaj\u0105cego, otrzymuj\u0105 diagramy UML od Dostawcy systemu;<\/li>\n<li>chc\u0105 poprawi\u0107 swoje kompetencje poprzez realizacj\u0119 praktycznych \u0107wicze\u0144<\/li>\n<li>chc\u0105 nauczy\u0107 si\u0119 czyta\u0107 diagramy UML;<\/li>\n<\/ul>\n<\/div>\n<\/div>\n<h2>Zawarto\u015b\u0107 kursu:<\/h2>\n<p>Modu\u0142 0.Powitanie<\/p>\n<p>Modu\u0142 1. Wst\u0119p do notacji UML<\/p>\n<p>Modu\u0142 2. Diagram komponent\u00f3w &#8211; prezentacja<\/p>\n<p>Modu\u0142 3. Diagram przypadk\u00f3w u\u017cycia &#8211; prezentacja cz.1<\/p>\n<p>Modu\u0142 4. Diagram przypadk\u00f3w u\u017cycia &#8211; prezentacja cz.2<\/p>\n<p>Modu\u0142 5. Diagram aktywno\u015bci &#8211; prezentacja<\/p>\n<p>Modu\u0142 6. Diagram klas &#8211; prezentacja<\/p>\n<p>Modu\u0142 7. Diagram sekwencji &#8211; prezentacja<\/p>\n<p>Modu\u0142 8. Diagram wdro\u017cenia &#8211; prezentacja<\/p>\n<p>Modu\u0142 9. Struktura repozytorium<\/p>\n<p>Modu\u0142 10. Diagram przypadk\u00f3w u\u017cycia w EA<\/p>\n<p>Modu\u0142 11. Diagram aktywno\u015bci w EA<\/p>\n<p>Modu\u0142 12. Diagram komponent\u00f3w w EA<\/p>\n<p>Modu\u0142 13. Diagram klas w EA<\/p>\n<p>Modu\u0142 14. Diagram wdro\u017cenia w EA<\/p>\n<p>Modu\u0142 15. Zadania<\/p>\n<p>Modu\u0142 16. Zako\u0144czenie<\/p>\n<div class=\"elementor-element elementor-element-2335d9b7 elementor-widget elementor-widget-heading\" data-id=\"2335d9b7\" data-element_type=\"widget\" data-widget_type=\"heading.default\">\n<div class=\"elementor-widget-container\">\n<h2 class=\"elementor-heading-title elementor-size-default\">Cena kursu zawiera:<\/h2>\n<\/div>\n<\/div>\n<div class=\"elementor-element elementor-element-7ea3ebd7 elementor-widget elementor-widget-text-editor\" data-id=\"7ea3ebd7\" data-element_type=\"widget\" data-widget_type=\"text-editor.default\">\n<div class=\"elementor-widget-container\">\n<ul>\n<li><strong>12 logicznie powi\u0105zanych modu\u0142\u00f3w<\/strong>, w trakcie kt\u00f3rych omawiam najwa\u017cniejsze diagramy UML;<\/li>\n<li><strong>dost\u0119p do nagra\u0144 video<\/strong>, w kt\u00f3rych sk\u0142ad wchodz\u0105 prezentacje oraz tutoriale z praktycznego wykorzystania Enterprise Architect;<\/li>\n<li><strong>pliki Enterprise Architect<\/strong>, kt\u00f3re powsta\u0142y w trakcie przygotowania kursu;<\/li>\n<li>do lekcji\u00a0<strong>otrzymujesz \u0107wiczenia<\/strong>, kt\u00f3re pomog\u0105 Ci zastosowa\u0107 omawiane zagadnienia w praktyce;<\/li>\n<li><strong>dost\u0119p online<\/strong>\u00a0\u2013 kurs jest dost\u0119pny na specjalnej platformie, do kt\u00f3rej otrzymujesz login i has\u0142o;<\/li>\n<li><strong>uczysz si\u0119, gdzie chcesz i kiedy chcesz<\/strong>\u00a0\u2013 wszystkie materia\u0142y (opr\u00f3cz film\u00f3w) mo\u017cesz pobra\u0107 na komputer, telefon, tablet, aby m\u00f3c uczy\u0107 si\u0119 z dowolnego miejsca;<\/li>\n<li>masz <strong>dost\u0119p do kursu<\/strong>\u00a0minimum przez jeden rok \u2013 kurs kupujesz raz, korzystasz z nagranych film\u00f3w wielokrotnie;<\/li>\n<li><strong>dost\u0119p do wszystkich lekcji<\/strong>\u00a0od razu, tak by mo\u017cna by\u0142o zaplanowa\u0107 czas na nauk\u0119;<\/li>\n<\/ul>\n<\/div>\n<\/div>\n<p>Dost\u0119p do kursu na minimum jeden rok od daty zakupu, otrzymujesz automatycznie po zaksi\u0119gowaniu wp\u0142aty i <strong>w zakresie tego produktu nie ma sprawdzania zada\u0144<\/strong>. By zadania zosta\u0142y sprawdzone okresowo mo\u017cna dokupi\u0107: <a href=\"https:\/\/wolski.pro\/kursy\/produkt\/sprawdzanie-zadan-z-internetowych-kursow\/\">Sprawdzanie zada\u0144 z kurs\u00f3w<\/a><\/p>\n","protected":false},"excerpt":{"rendered":"<p>Kurs internetowy dotycz\u0105cy modelowania w j\u0119zyku UML. Na kurs sk\u0142ada si\u0119 szereg prezentacji i film\u00f3w instrukta\u017cowych z prezentacj\u0105 praktycznego przygotowania modeli. Na kursie skupiam si\u0119 na najwa\u017cniejszych diagramach UML.\u00a0 Sprawdzanie zada\u0144 mo\u017cna dokupi\u0107 oddzielnie: Sprawdzanie zada\u0144 z kurs\u00f3w Internetowy kurs &#8220;UML praktycznie&#8221; jest kierowany do os\u00f3b, kt\u00f3re: tworz\u0105 przypadki u\u017cycia; chc\u0105 pozna\u0107 znaczenie symboli j\u0119zyka [&hellip;]<\/p>\n","protected":false},"featured_media":961,"template":"","meta":{"_seopress_robots_primary_cat":"none","_seopress_titles_title":"Internetowy kurs - UML praktycznie | Micha\u0142 Wolski","_seopress_titles_desc":"Internetowy kurs z modelowania w j\u0119zyku UML. Opanuj diagramy przypadk\u00f3w u\u017cycia, klas i sekwencji. Praktyczne lekcje wideo z narz\u0119dziem Enterprise Architect.","_seopress_robots_index":"","site-sidebar-layout":"default","site-content-layout":"","ast-site-content-layout":"default","site-content-style":"default","site-sidebar-style":"default","ast-global-header-display":"","ast-banner-title-visibility":"","ast-main-header-display":"","ast-hfb-above-header-display":"","ast-hfb-below-header-display":"","ast-hfb-mobile-header-display":"","site-post-title":"","ast-breadcrumbs-content":"","ast-featured-img":"","footer-sml-layout":"","ast-disable-related-posts":"","theme-transparent-header-meta":"default","adv-header-id-meta":"","stick-header-meta":"","header-above-stick-meta":"","header-main-stick-meta":"","header-below-stick-meta":"","astra-migrate-meta-layouts":"set","ast-page-background-enabled":"default","ast-page-background-meta":{"desktop":{"background-color":"","background-image":"","background-repeat":"repeat","background-position":"center center","background-size":"auto","background-attachment":"scroll","background-type":"","background-media":"","overlay-type":"","overlay-color":"","overlay-opacity":"","overlay-gradient":""},"tablet":{"background-color":"","background-image":"","background-repeat":"repeat","background-position":"center center","background-size":"auto","background-attachment":"scroll","background-type":"","background-media":"","overlay-type":"","overlay-color":"","overlay-opacity":"","overlay-gradient":""},"mobile":{"background-color":"","background-image":"","background-repeat":"repeat","background-position":"center center","background-size":"auto","background-attachment":"scroll","background-type":"","background-media":"","overlay-type":"","overlay-color":"","overlay-opacity":"","overlay-gradient":""}},"ast-content-background-meta":{"desktop":{"background-color":"var(--ast-global-color-5)","background-image":"","background-repeat":"repeat","background-position":"center center","background-size":"auto","background-attachment":"scroll","background-type":"","background-media":"","overlay-type":"","overlay-color":"","overlay-opacity":"","overlay-gradient":""},"tablet":{"background-color":"var(--ast-global-color-5)","background-image":"","background-repeat":"repeat","background-position":"center center","background-size":"auto","background-attachment":"scroll","background-type":"","background-media":"","overlay-type":"","overlay-color":"","overlay-opacity":"","overlay-gradient":""},"mobile":{"background-color":"var(--ast-global-color-5)","background-image":"","background-repeat":"repeat","background-position":"center center","background-size":"auto","background-attachment":"scroll","background-type":"","background-media":"","overlay-type":"","overlay-color":"","overlay-opacity":"","overlay-gradient":""}}},"product_brand":[],"product_cat":[23,51],"product_tag":[],"class_list":{"0":"post-28150","1":"product","2":"type-product","3":"status-publish","4":"has-post-thumbnail","6":"product_cat-kursy-internetowe","7":"product_cat-platne","8":"desktop-align-left","9":"tablet-align-left","10":"mobile-align-left","11":"ast-product-gallery-layout-horizontal","12":"ast-product-gallery-with-no-image","13":"ast-magnify-disabled","14":"ast-product-tabs-layout-horizontal","16":"first","17":"instock","18":"downloadable","19":"virtual","20":"sold-individually","21":"taxable","22":"purchasable","23":"product-type-simple"},"_links":{"self":[{"href":"https:\/\/wolski.pro\/kursy\/wp-json\/wp\/v2\/product\/28150","targetHints":{"allow":["GET"]}}],"collection":[{"href":"https:\/\/wolski.pro\/kursy\/wp-json\/wp\/v2\/product"}],"about":[{"href":"https:\/\/wolski.pro\/kursy\/wp-json\/wp\/v2\/types\/product"}],"wp:featuredmedia":[{"embeddable":true,"href":"https:\/\/wolski.pro\/kursy\/wp-json\/wp\/v2\/media\/961"}],"wp:attachment":[{"href":"https:\/\/wolski.pro\/kursy\/wp-json\/wp\/v2\/media?parent=28150"}],"wp:term":[{"taxonomy":"product_brand","embeddable":true,"href":"https:\/\/wolski.pro\/kursy\/wp-json\/wp\/v2\/product_brand?post=28150"},{"taxonomy":"product_cat","embeddable":true,"href":"https:\/\/wolski.pro\/kursy\/wp-json\/wp\/v2\/product_cat?post=28150"},{"taxonomy":"product_tag","embeddable":true,"href":"https:\/\/wolski.pro\/kursy\/wp-json\/wp\/v2\/product_tag?post=28150"}],"curies":[{"name":"wp","href":"https:\/\/api.w.org\/{rel}","templated":true}]}}