{"id":30182,"date":"2025-09-05T19:01:20","date_gmt":"2025-09-05T17:01:20","guid":{"rendered":"https:\/\/wolski.pro\/kursy\/?post_type=product&#038;p=30182"},"modified":"2026-03-07T15:15:38","modified_gmt":"2026-03-07T14:15:38","slug":"sprawdzanie-zadan-z-internetowych-kursow","status":"publish","type":"product","link":"https:\/\/wolski.pro\/kursy\/produkt\/sprawdzanie-zadan-z-internetowych-kursow\/","title":{"rendered":"Sprawdzanie zada\u0144 z internetowych kurs\u00f3w"},"content":{"rendered":"<p><b>Dla kogo jest ta us\u0142uga?<\/b><\/p>\n<p>Ta us\u0142uga jest idealnym uzupe\u0142nieniem dla uczestnik\u00f3w moich kurs\u00f3w online:<\/p>\n<ul>\n<li><b>&#8220;UML praktycznie&#8221;<\/b><\/li>\n<li><b>&#8220;BPMN praktycznie&#8221;<\/b><\/li>\n<\/ul>\n<p>Je\u015bli chcesz nie tylko biernie ogl\u0105da\u0107 lekcje, ale aktywnie \u0107wiczy\u0107 i upewni\u0107 si\u0119, \u017ce Twoje modele i diagramy s\u0105 tworzone zgodnie z najlepszymi praktykami \u2013 to rozwi\u0105zanie jest dla Ciebie.<\/p>\n<p><b>Co otrzymasz w ramach tej us\u0142ugi?<\/b><\/p>\n<ol start=\"1\">\n<li><b>Profesjonaln\u0105 weryfikacj\u0119 Twoich zada\u0144:<\/b> Osobi\u015bcie przeanalizuj\u0119 rozwi\u0105zania zada\u0144, kt\u00f3re przygotowa\u0142e\u015b\/a\u015b w ramach jednego z powy\u017cszych kurs\u00f3w (UML lub BPMN).<\/li>\n<li><b>Konkretn\u0105 informacj\u0119 zwrotn\u0105:<\/b> Otrzymasz ode mnie e-mail ze szczeg\u00f3\u0142owymi uwagami, wskaz\u00f3wkami i sugestiami, co mo\u017cna by\u0142o zrobi\u0107 lepiej, na co zwr\u00f3ci\u0107 uwag\u0119 i jakie s\u0105 mocne strony Twojej pracy.<\/li>\n<li><b>Wzmocnienie pewno\u015bci Siebie:<\/b> Dzi\u0119ki feedbackowi utwierdzisz si\u0119 w przekonaniu, \u017ce dobrze rozumiesz i stosujesz notacj\u0119, co da Ci wi\u0119ksz\u0105 pewno\u015b\u0107 w codziennej pracy zawodowej.<\/li>\n<\/ol>\n<p><b>Jak To Dzia\u0142a? \u2013 wa\u017cne informacje organizacyjne<\/b><\/p>\n<p>Us\u0142uga sprawdzania zada\u0144 jest realizowana okresowo, aby zapewni\u0107 najwy\u017csz\u0105 jako\u015b\u0107.<\/p>\n<ul>\n<li><b>Dwa terminy w roku:<\/b> Zadania weryfikuj\u0119 w dw\u00f3ch cyklach rocznie. O terminach informuj\u0119 wcze\u015bniej.<\/li>\n<li><b>Jak przes\u0142a\u0107 zadania:<\/b> Po zakupie tej us\u0142ugi otrzymasz instrukcj\u0119, jak i gdzie przes\u0142a\u0107 swoje pliki z rozwi\u0105zaniami (np. pliki Enterprise Architect lub inne formaty).<\/li>\n<li><b>Czas oczekiwania na informacj\u0119 zwrotn\u0105:<\/b> Zadania sprawdzane s\u0105 codziennie w czasie trwania cyklu. Na informacj\u0119 zwrotn\u0105 mo\u017cesz liczy\u0107 w ci\u0105gu 2-3 dni od przes\u0142ania zadania.<\/li>\n<\/ul>\n<p><b>Dlaczego warto skorzysta\u0107?<\/b><\/p>\n<p>Teoria to jedno, ale praktyka to drugie. Nic tak nie rozwija umiej\u0119tno\u015bci, jak praca nad realnym zadaniem i otrzymanie konstruktywnej krytyki od do\u015bwiadczonego mentora. To najszybszy spos\u00f3b, aby wyeliminowa\u0107 b\u0142\u0119dy i utrwali\u0107 dobre nawyki w modelowaniu.<\/p>\n","protected":false},"excerpt":{"rendered":"<p>Dla kogo jest ta us\u0142uga? Ta us\u0142uga jest idealnym uzupe\u0142nieniem dla uczestnik\u00f3w moich kurs\u00f3w online: &#8220;UML praktycznie&#8221; &#8220;BPMN praktycznie&#8221; Je\u015bli chcesz nie tylko biernie ogl\u0105da\u0107 lekcje, ale aktywnie \u0107wiczy\u0107 i upewni\u0107 si\u0119, \u017ce Twoje modele i diagramy s\u0105 tworzone zgodnie z najlepszymi praktykami \u2013 to rozwi\u0105zanie jest dla Ciebie. Co otrzymasz w ramach tej us\u0142ugi? [&hellip;]<\/p>\n","protected":false},"featured_media":961,"template":"","meta":{"_seopress_robots_primary_cat":"none","_seopress_titles_title":"Sprawdzanie zada\u0144 z internetowych kurs\u00f3w BPMN lub UML | Micha\u0142 Wolski","_seopress_titles_desc":"Sprawdzanie zada\u0144 z kurs\u00f3w UML lub BPMN. Otrzymaj indywidualny feedback od eksperta do swoich modeli. Upewnij si\u0119, \u017ce poprawnie stosujesz zdobyt\u0105 wiedz\u0119!","_seopress_robots_index":"","site-sidebar-layout":"default","site-content-layout":"","ast-site-content-layout":"default","site-content-style":"default","site-sidebar-style":"default","ast-global-header-display":"","ast-banner-title-visibility":"","ast-main-header-display":"","ast-hfb-above-header-display":"","ast-hfb-below-header-display":"","ast-hfb-mobile-header-display":"","site-post-title":"","ast-breadcrumbs-content":"","ast-featured-img":"","footer-sml-layout":"","ast-disable-related-posts":"","theme-transparent-header-meta":"default","adv-header-id-meta":"","stick-header-meta":"","header-above-stick-meta":"","header-main-stick-meta":"","header-below-stick-meta":"","astra-migrate-meta-layouts":"set","ast-page-background-enabled":"default","ast-page-background-meta":{"desktop":{"background-color":"","background-image":"","background-repeat":"repeat","background-position":"center center","background-size":"auto","background-attachment":"scroll","background-type":"","background-media":"","overlay-type":"","overlay-color":"","overlay-opacity":"","overlay-gradient":""},"tablet":{"background-color":"","background-image":"","background-repeat":"repeat","background-position":"center center","background-size":"auto","background-attachment":"scroll","background-type":"","background-media":"","overlay-type":"","overlay-color":"","overlay-opacity":"","overlay-gradient":""},"mobile":{"background-color":"","background-image":"","background-repeat":"repeat","background-position":"center center","background-size":"auto","background-attachment":"scroll","background-type":"","background-media":"","overlay-type":"","overlay-color":"","overlay-opacity":"","overlay-gradient":""}},"ast-content-background-meta":{"desktop":{"background-color":"var(--ast-global-color-5)","background-image":"","background-repeat":"repeat","background-position":"center center","background-size":"auto","background-attachment":"scroll","background-type":"","background-media":"","overlay-type":"","overlay-color":"","overlay-opacity":"","overlay-gradient":""},"tablet":{"background-color":"var(--ast-global-color-5)","background-image":"","background-repeat":"repeat","background-position":"center center","background-size":"auto","background-attachment":"scroll","background-type":"","background-media":"","overlay-type":"","overlay-color":"","overlay-opacity":"","overlay-gradient":""},"mobile":{"background-color":"var(--ast-global-color-5)","background-image":"","background-repeat":"repeat","background-position":"center center","background-size":"auto","background-attachment":"scroll","background-type":"","background-media":"","overlay-type":"","overlay-color":"","overlay-opacity":"","overlay-gradient":""}}},"product_brand":[],"product_cat":[23],"product_tag":[],"class_list":{"0":"post-30182","1":"product","2":"type-product","3":"status-publish","4":"has-post-thumbnail","6":"product_cat-kursy-internetowe","7":"desktop-align-left","8":"tablet-align-left","9":"mobile-align-left","10":"ast-product-gallery-layout-horizontal","11":"ast-product-gallery-with-no-image","12":"ast-magnify-disabled","13":"ast-product-tabs-layout-horizontal","15":"first","16":"outofstock","17":"virtual","18":"taxable","19":"purchasable","20":"product-type-simple"},"_links":{"self":[{"href":"https:\/\/wolski.pro\/kursy\/wp-json\/wp\/v2\/product\/30182","targetHints":{"allow":["GET"]}}],"collection":[{"href":"https:\/\/wolski.pro\/kursy\/wp-json\/wp\/v2\/product"}],"about":[{"href":"https:\/\/wolski.pro\/kursy\/wp-json\/wp\/v2\/types\/product"}],"wp:featuredmedia":[{"embeddable":true,"href":"https:\/\/wolski.pro\/kursy\/wp-json\/wp\/v2\/media\/961"}],"wp:attachment":[{"href":"https:\/\/wolski.pro\/kursy\/wp-json\/wp\/v2\/media?parent=30182"}],"wp:term":[{"taxonomy":"product_brand","embeddable":true,"href":"https:\/\/wolski.pro\/kursy\/wp-json\/wp\/v2\/product_brand?post=30182"},{"taxonomy":"product_cat","embeddable":true,"href":"https:\/\/wolski.pro\/kursy\/wp-json\/wp\/v2\/product_cat?post=30182"},{"taxonomy":"product_tag","embeddable":true,"href":"https:\/\/wolski.pro\/kursy\/wp-json\/wp\/v2\/product_tag?post=30182"}],"curies":[{"name":"wp","href":"https:\/\/api.w.org\/{rel}","templated":true}]}}